{"id":4988,"date":"2025-09-19T16:37:24","date_gmt":"2025-09-19T14:37:24","guid":{"rendered":"https:\/\/aheadand.com\/?page_id=4988"},"modified":"2025-09-19T16:37:26","modified_gmt":"2025-09-19T14:37:26","slug":"c-level-whitepaper-2","status":"publish","type":"page","link":"https:\/\/aheadand.com\/en\/c-level-whitepaper-2\/","title":{"rendered":"C-Level Whitepaper"},"content":{"rendered":"<h1 class=\"wp-block-heading\">KI-Agent selbst gebaut: Quickstart Guide<\/h1><figure class=\"wp-block-image size-large\"><a data-brx-anchor=\"true\"><img loading=\"lazy\" decoding=\"async\" width=\"1024\" height=\"572\" src=\"https:\/\/aheadand.com\/wp-content\/uploads\/2025\/09\/quickguide-1024x572.png\" alt=\"AI in the SME sector\" class=\"wp-image-4993\" title=\"\" srcset=\"https:\/\/aheadand.com\/wp-content\/uploads\/2025\/09\/quickguide-1024x572.png 1024w, https:\/\/aheadand.com\/wp-content\/uploads\/2025\/09\/quickguide-300x167.png 300w, https:\/\/aheadand.com\/wp-content\/uploads\/2025\/09\/quickguide-768x429.png 768w, https:\/\/aheadand.com\/wp-content\/uploads\/2025\/09\/quickguide-1536x857.png 1536w, https:\/\/aheadand.com\/wp-content\/uploads\/2025\/09\/quickguide.png 1908w\" sizes=\"auto, (max-width: 1024px) 100vw, 1024px\" \/><\/a><\/figure><div class=\"wp-block-buttons is-layout-flex wp-block-buttons-is-layout-flex\"><div class=\"wp-block-button\"><a class=\"wp-block-button__link\">Download Quickstart Guide<\/a><\/div><\/div><h3 class=\"wp-block-heading\">Quickstart Guide herunterladen!<\/h3><h3 class=\"wp-block-heading\">Schluss mit Theorie \u2013 jetzt wird KI gemacht!\u00a0<\/h3>Unsere KI-Initiativen reduzieren Risiken und nutzen die neueste generative KI, um die Unternehmensleistung und -abl\u00e4ufe zu verbessern.\u00a0<figure class=\"wp-block-image size-medium\"><img loading=\"lazy\" decoding=\"async\" width=\"226\" height=\"300\" src=\"https:\/\/aheadand.com\/wp-content\/uploads\/2024\/01\/cmgramse_Smiling_and_happy_edf44eb8-f429-4979-993e-6338e4074d34-1-226x300.jpeg\" alt=\"\" class=\"wp-image-427\" title=\"\" srcset=\"https:\/\/aheadand.com\/wp-content\/uploads\/2024\/01\/cmgramse_Smiling_and_happy_edf44eb8-f429-4979-993e-6338e4074d34-1-226x300.jpeg 226w, https:\/\/aheadand.com\/wp-content\/uploads\/2024\/01\/cmgramse_Smiling_and_happy_edf44eb8-f429-4979-993e-6338e4074d34-1.jpeg 559w\" sizes=\"auto, (max-width: 226px) 100vw, 226px\" \/><\/figure><figure class=\"wp-block-image size-medium\"><img loading=\"lazy\" decoding=\"async\" width=\"226\" height=\"300\" src=\"https:\/\/aheadand.com\/wp-content\/uploads\/2024\/01\/cmgramse_Description_A_portrait_of_a_sympathetic_h1699900308511-226x300.jpeg\" alt=\"\" class=\"wp-image-426\" title=\"\" srcset=\"https:\/\/aheadand.com\/wp-content\/uploads\/2024\/01\/cmgramse_Description_A_portrait_of_a_sympathetic_h1699900308511-226x300.jpeg 226w, https:\/\/aheadand.com\/wp-content\/uploads\/2024\/01\/cmgramse_Description_A_portrait_of_a_sympathetic_h1699900308511-771x1024.jpeg 771w, https:\/\/aheadand.com\/wp-content\/uploads\/2024\/01\/cmgramse_Description_A_portrait_of_a_sympathetic_h1699900308511-768x1020.jpeg 768w, https:\/\/aheadand.com\/wp-content\/uploads\/2024\/01\/cmgramse_Description_A_portrait_of_a_sympathetic_h1699900308511-1157x1536.jpeg 1157w, https:\/\/aheadand.com\/wp-content\/uploads\/2024\/01\/cmgramse_Description_A_portrait_of_a_sympathetic_h1699900308511.jpeg 1200w\" sizes=\"auto, (max-width: 226px) 100vw, 226px\" \/><\/figure><h3 class=\"wp-block-heading\">Anticipatory action with artificial intelligence &#8211; ahead&amp;<\/h3>Voraussicht f\u00fchrt zum Erfolg in einer schnelllebigen Technologiewelt. ahead&#038; wei\u00df, dass KI mehr als nur ein Trend ist &#8211; sie ist essenziell f\u00fcr nachhaltiges Wachstum und Wettbewerbsvorteile, insbesondere f\u00fcr den deutschen Mittelstand.<h2 class=\"wp-block-heading\">Use ahead&amp; for your digital transformation<\/h2>Bereiten Sie Ihr Unternehmen auf die Zukunft vor und treten Sie mit ahead&#038; in die digitale Revolution ein. Wir kombinieren Innovation, Sicherheit und strategische Weitsicht, um Ihre Ziele zu erreichen.<div class=\"wp-block-buttons is-layout-flex wp-block-buttons-is-layout-flex\"><div class=\"wp-block-button\"><a class=\"wp-block-button__link\">Book an appointment<\/a><\/div><\/div>Unser engagiertes Team bei ahead&#038; bringt jahrelange Erfahrung mit \u2013 sowohl aus der Industrie, einschlie\u00dflich Vorstandspositionen in Handelskonzernen und Beratungsunternehmen, als auch aus der technologischen Innovationsschmiede.Wir beraten und entwickeln Anwendungen, die den Bed\u00fcrfnissen Ihres Unternehmens entsprechen, mit personalisierten, GDPR-konformen KI-L\u00f6sungen und einer gro\u00dfen Auswahl an LLM-Modellen, wie ChatGPT.Entdecken Sie mit ahead&#038; das volle Potenzial von KI, um Ihr Gesch\u00e4ftsmodell voranzutreiben, das Kundenerlebnis zu optimieren und die Betriebskosten zu senken. Unsere ma\u00dfgeschneiderten KI-L\u00f6sungen sind sicher, GDPR-konform und schnell und liefern Proof of Concepts in vier Wochen zu festgelegten Kosten.ahead&#038; verbessert die Datenanalyse und Entscheidungsfindung durch Chatbot-Integrationen und technologische Einbettungen. Unsere Strategie wird st\u00e4ndig angepasst, um den ROI zu maximieren. Wir helfen Ihnen, die digitale Transformation voranzutreiben und bieten einzigartige L\u00f6sungen f\u00fcr Ihre Unternehmensgr\u00f6\u00dfe und Branche.\n<div class=\"wpcf7 no-js\" id=\"wpcf7-f2803-o1\" lang=\"en-US\" dir=\"ltr\" data-wpcf7-id=\"2803\">\n<div class=\"screen-reader-response\"><p role=\"status\" aria-live=\"polite\" aria-atomic=\"true\"><\/p> <ul><\/ul><\/div>\n<form action=\"\/en\/wp-json\/wp\/v2\/pages\/4988#wpcf7-f2803-o1\" method=\"post\" class=\"wpcf7-form init whitepaper-form wpcf7-acceptance-as-validation\" id=\"whitepaper-form\" aria-label=\"Contact form\" novalidate=\"novalidate\" data-status=\"init\">\n<fieldset class=\"hidden-fields-container\"><input type=\"hidden\" name=\"_wpcf7\" value=\"2803\" \/><input type=\"hidden\" name=\"_wpcf7_version\" value=\"6.1.5\" \/><input type=\"hidden\" name=\"_wpcf7_locale\" value=\"en_US\" \/><input type=\"hidden\" name=\"_wpcf7_unit_tag\" value=\"wpcf7-f2803-o1\" \/><input type=\"hidden\" name=\"_wpcf7_container_post\" value=\"0\" \/><input type=\"hidden\" name=\"_wpcf7_posted_data_hash\" value=\"\" \/>\n<\/fieldset>\n<p><span class=\"wpcf7-form-control-wrap\" data-name=\"vorname\"><input size=\"40\" maxlength=\"400\" class=\"wpcf7-form-control wpcf7-text wpcf7-validates-as-required\" aria-required=\"true\" aria-invalid=\"false\" placeholder=\"First name\" value=\"\" type=\"text\" name=\"vorname\" \/><\/span><br \/>\n<span class=\"wpcf7-form-control-wrap\" data-name=\"nachname\"><input size=\"40\" maxlength=\"400\" class=\"wpcf7-form-control wpcf7-text wpcf7-validates-as-required\" aria-required=\"true\" aria-invalid=\"false\" placeholder=\"Last name\" value=\"\" type=\"text\" name=\"nachname\" \/><\/span><br \/>\n<span class=\"wpcf7-form-control-wrap\" data-name=\"unternehmen\"><input size=\"40\" maxlength=\"400\" class=\"wpcf7-form-control wpcf7-text\" aria-invalid=\"false\" placeholder=\"The company\" value=\"\" type=\"text\" name=\"unternehmen\" \/><\/span><br \/>\n<span class=\"wpcf7-form-control-wrap\" data-name=\"email\"><input size=\"40\" maxlength=\"400\" class=\"wpcf7-form-control wpcf7-email wpcf7-validates-as-required wpcf7-text wpcf7-validates-as-email\" aria-required=\"true\" aria-invalid=\"false\" placeholder=\"eMail\" value=\"\" type=\"email\" name=\"email\" \/><\/span>\n<\/p>\n<p><span class=\"wpcf7-form-control-wrap\" data-name=\"datenschutz\"><span class=\"wpcf7-form-control wpcf7-acceptance\"><span class=\"wpcf7-list-item\"><label><input type=\"checkbox\" name=\"datenschutz\" value=\"1\" class=\"form-checkbox\" aria-invalid=\"false\" \/><span class=\"wpcf7-list-item-label\">Your privacy is important to us. Ahead& will use your details to contact you regarding relevant content, products and services. You can unsubscribe from any communication from Ahead& at any time.<\/span><\/label><\/span><\/span><\/span>\n<\/p>\n<p><span class=\"wpcf7-form-control-wrap\" data-name=\"einwilligung\"><span class=\"wpcf7-form-control wpcf7-acceptance\"><span class=\"wpcf7-list-item\"><label><input type=\"checkbox\" name=\"einwilligung\" value=\"1\" class=\"form-checkbox\" aria-invalid=\"false\" \/><span class=\"wpcf7-list-item-label\">With your consent, we use your data for personalized marketing offers and information. Withdrawal is possible at any time: Contact us or use the unsubscribe link in our messages.<\/span><\/label><\/span><\/span><\/span>\n<\/p>\n<p><input class=\"wpcf7-form-control wpcf7-submit has-spinner btn-action ah-form-button\" type=\"submit\" value=\"Jetzt Herunterladen\" \/>\n<\/p><div class=\"wpcf7-response-output\" aria-hidden=\"true\"><\/div>\n<\/form>\n<\/div>\n\n<p><!-- wp:Array \/--><\/p>\n","protected":false},"excerpt":{"rendered":"<p>Download our whitepaper to learn how AI technologies are transforming lead generation and solving sales challenges. Wordpress Excerpt: Our whitepaper shows how AI sales bots help companies overcome modern lead generation challenges. From automated outbound calls to intelligent chatbots &#8211; discover practical use cases and forward-looking strategies.<\/p>\n","protected":false},"author":2,"featured_media":3616,"parent":0,"menu_order":0,"comment_status":"closed","ping_status":"closed","template":"","meta":{"footnotes":""},"class_list":["post-4988","page","type-page","status-publish","has-post-thumbnail","hentry"],"_links":{"self":[{"href":"https:\/\/aheadand.com\/en\/wp-json\/wp\/v2\/pages\/4988","targetHints":{"allow":["GET"]}}],"collection":[{"href":"https:\/\/aheadand.com\/en\/wp-json\/wp\/v2\/pages"}],"about":[{"href":"https:\/\/aheadand.com\/en\/wp-json\/wp\/v2\/types\/page"}],"author":[{"embeddable":true,"href":"https:\/\/aheadand.com\/en\/wp-json\/wp\/v2\/users\/2"}],"replies":[{"embeddable":true,"href":"https:\/\/aheadand.com\/en\/wp-json\/wp\/v2\/comments?post=4988"}],"version-history":[{"count":2,"href":"https:\/\/aheadand.com\/en\/wp-json\/wp\/v2\/pages\/4988\/revisions"}],"predecessor-version":[{"id":5007,"href":"https:\/\/aheadand.com\/en\/wp-json\/wp\/v2\/pages\/4988\/revisions\/5007"}],"wp:featuredmedia":[{"embeddable":true,"href":"https:\/\/aheadand.com\/en\/wp-json\/wp\/v2\/media\/3616"}],"wp:attachment":[{"href":"https:\/\/aheadand.com\/en\/wp-json\/wp\/v2\/media?parent=4988"}],"curies":[{"name":"wp","href":"https:\/\/api.w.org\/{rel}","templated":true}]}}