{"id":3703,"date":"2024-07-04T14:49:34","date_gmt":"2024-07-04T12:49:34","guid":{"rendered":"https:\/\/aheadand.com\/?page_id=3703"},"modified":"2024-07-04T14:49:34","modified_gmt":"2024-07-04T12:49:34","slug":"appointment-2","status":"publish","type":"page","link":"https:\/\/aheadand.com\/en\/appointment-2\/","title":{"rendered":"appointment"},"content":{"rendered":"<h1 class=\"wp-block-heading\">Simply book your free appointment!<\/h1>Mit nur wenigen Klicks zu Ihrer individuellen Beratung bei ahead&amp;. <br\/>W\u00e4hlen Sie Ihren gew\u00fcnschten Termin, bestimmen Sie Datum und Uhrzeit nach Ihrem Kalender und geben Sie Ihre Kontaktdetails ein. Ihr pers\u00f6nlicher Beratungstermin in Microsoft Teams ist nur einen Schritt entfernt.AI-Business-Innovationen beginnen hier","protected":false},"excerpt":{"rendered":"<p>Simply book your free appointment! Mit nur wenigen Klicks zu Ihrer individuellen Beratung bei ahead&amp;. W\u00e4hlen Sie Ihren gew\u00fcnschten Termin, bestimmen Sie Datum und Uhrzeit nach Ihrem Kalender und geben Sie Ihre Kontaktdetails ein. Ihr pers\u00f6nlicher Beratungstermin in Microsoft Teams ist nur einen Schritt entfernt.AI-Business-Innovationen beginnen hier<\/p>\n","protected":false},"author":1,"featured_media":0,"parent":0,"menu_order":0,"comment_status":"closed","ping_status":"closed","template":"","meta":{"footnotes":""},"class_list":["post-3703","page","type-page","status-publish","hentry"],"_links":{"self":[{"href":"https:\/\/aheadand.com\/en\/wp-json\/wp\/v2\/pages\/3703","targetHints":{"allow":["GET"]}}],"collection":[{"href":"https:\/\/aheadand.com\/en\/wp-json\/wp\/v2\/pages"}],"about":[{"href":"https:\/\/aheadand.com\/en\/wp-json\/wp\/v2\/types\/page"}],"author":[{"embeddable":true,"href":"https:\/\/aheadand.com\/en\/wp-json\/wp\/v2\/users\/1"}],"replies":[{"embeddable":true,"href":"https:\/\/aheadand.com\/en\/wp-json\/wp\/v2\/comments?post=3703"}],"version-history":[{"count":1,"href":"https:\/\/aheadand.com\/en\/wp-json\/wp\/v2\/pages\/3703\/revisions"}],"predecessor-version":[{"id":3705,"href":"https:\/\/aheadand.com\/en\/wp-json\/wp\/v2\/pages\/3703\/revisions\/3705"}],"wp:attachment":[{"href":"https:\/\/aheadand.com\/en\/wp-json\/wp\/v2\/media?parent=3703"}],"curies":[{"name":"wp","href":"https:\/\/api.w.org\/{rel}","templated":true}]}}