{"id":2851,"date":"2024-01-29T14:50:39","date_gmt":"2024-01-29T13:50:39","guid":{"rendered":"https:\/\/aheadand.com\/ki-chatbots\/"},"modified":"2024-07-04T21:30:11","modified_gmt":"2024-07-04T19:30:11","slug":"ki-chatbots","status":"publish","type":"page","link":"https:\/\/aheadand.com\/en\/ki-chatbots\/","title":{"rendered":"ki-chatbots"},"content":{"rendered":"L\u00f6sungsorientierte Chatbots<h2 class=\"wp-block-heading\">AI chatbot solutions: Your bridge to the future<\/h2>Entdecken Sie, wie Ahead&#038; Chatbot-L\u00f6sungen Ihre Gesch\u00e4ftsprozesse revolutionieren k\u00f6nnen \u2013 mit Szenarien, die zeigen, was m\u00f6glich wird, wenn Technologie auf Menschlichkeit trifft.Retail RevolutionEinzelhandel neu definiert \u2013 mit AI zu personalisiertem Shopping-Erlebnis.<figure class=\"wp-block-image size-full\"><img decoding=\"async\" src=\"https:\/\/aheadand.com\/wp-content\/uploads\/2024\/01\/DALL&#xB7;E-2024-01-26-11.24.04-Create-a-friendly-and-approachable-image-of-a-human-interacting-with-a-digital-retail-environment-symbolizing-AI-driven-e-commerce.-The-image-should-.png\" alt=\"\" class=\"wp-image-1012\" title=\"\"><\/figure>AI f\u00fcr BankingFinanzwesen trifft AI \u2013 Sicherheit und Intelligenz f\u00fcr Ihr Kapital.<figure class=\"wp-block-image size-full\"><img decoding=\"async\" src=\"https:\/\/aheadand.com\/wp-content\/uploads\/2024\/01\/DALL&#xB7;E-2024-01-26-11.24.02-Create-an-engaging-and-welcoming-image-of-a-person-in-a-modern-financial-setting-interacting-with-futuristic-fintech-solutions.-The-style-should-be-b.png\" alt=\"\" class=\"wp-image-1013\" title=\"\"><\/figure>Customer ExperienceKommunikation gest\u00e4rkt durch AI \u2013 vernetzen Sie sich smarter.<figure class=\"wp-block-image size-full\"><img decoding=\"async\" src=\"https:\/\/aheadand.com\/wp-content\/uploads\/2024\/01\/DALL&#xB7;E-2024-01-26-11.24.00-Create-a-vibrant-and-sympathetic-image-depicting-a-person-engaging-with-a-high-tech-telecommunication-interface-symbolizing-the-seamless-integration-.png\" alt=\"\" class=\"wp-image-1014\" title=\"\"><\/figure>AI f\u00fcr HRBranchen\u00fcbergreifend: AI-L\u00f6sungen, so einzigartig wie Ihr Business.<figure class=\"wp-block-image size-full\"><img decoding=\"async\" src=\"https:\/\/aheadand.com\/wp-content\/uploads\/2024\/01\/DALL&#xB7;E-2024-01-26-11.23.56-Create-a-heartwarming-and-engaging-image-that-illustrates-a-person-being-onboarded-and-trained-through-an-interactive-AI-system-in-a-corporate-environ.png\" alt=\"\" class=\"wp-image-1015\" title=\"\"><\/figure>Retail AI-Revolution<h2 class=\"wp-block-heading\">AI shopping worlds<br\/>rediscover<\/h2>Vorsto\u00df in die Zukunft des Einzelhandels: Ma\u00dfgeschneiderte AI-L\u00f6sungen f\u00fcr ein einzigartiges Kundenerlebnis.<h3 class=\"wp-block-heading\">Product advice<\/h3>AI-Avatare beraten wie Ihr bester Mitarbeiter: kompetent, pers\u00f6nlich, immer verf\u00fcgbar.<h3 class=\"wp-block-heading\">Cross-selling<\/h3>Unsere Bots erkennen Kundenbed\u00fcrfnisse f\u00fcr gezieltes Cross-Selling in Echtzeit.<h3 class=\"wp-block-heading\">Live chat<\/h3>Live-Dialog mit AI: pers\u00f6nlich und effizient, f\u00fcr eine exzellente Servicequalit\u00e4t.<h3 class=\"wp-block-heading\">Inventory query<\/h3>Sofortige Lagerausk\u00fcnfte erh\u00f6hen die Kundenzufriedenheit und beschleunigen Verk\u00e4ufe.<h3 class=\"wp-block-heading\">Discover the potential<\/h3>Lernen Sie mehr \u00fcber die vielf\u00e4ltigen Einsatzm\u00f6glichkeiten unserer KI-Chatbots und wie sie Ihre Kundeninteraktion transformieren k\u00f6nnen.<div class=\"wp-block-buttons is-layout-flex wp-block-buttons-is-layout-flex\"><div class=\"wp-block-button\"><a class=\"wp-block-button__link\">Download now<\/a><\/div><\/div><figure class=\"wp-block-image size-medium\"><img loading=\"lazy\" decoding=\"async\" width=\"211\" height=\"300\" src=\"https:\/\/aheadand.com\/wp-content\/uploads\/2024\/01\/Screenshot-2024-01-24-at-09.32.07-211x300.png\" alt=\"\" class=\"wp-image-912\" title=\"\" srcset=\"https:\/\/aheadand.com\/wp-content\/uploads\/2024\/01\/Screenshot-2024-01-24-at-09.32.07-211x300.png 211w, https:\/\/aheadand.com\/wp-content\/uploads\/2024\/01\/Screenshot-2024-01-24-at-09.32.07-721x1024.png 721w, https:\/\/aheadand.com\/wp-content\/uploads\/2024\/01\/Screenshot-2024-01-24-at-09.32.07-768x1090.png 768w, https:\/\/aheadand.com\/wp-content\/uploads\/2024\/01\/Screenshot-2024-01-24-at-09.32.07.png 882w\" sizes=\"auto, (max-width: 211px) 100vw, 211px\" \/><\/figure><figure class=\"wp-block-image size-full\"><img loading=\"lazy\" decoding=\"async\" width=\"1920\" height=\"1440\" src=\"https:\/\/aheadand.com\/wp-content\/uploads\/2024\/01\/abstract-3.jpg\" alt=\"\" class=\"wp-image-684\" title=\"\" srcset=\"https:\/\/aheadand.com\/wp-content\/uploads\/2024\/01\/abstract-3.jpg 1920w, https:\/\/aheadand.com\/wp-content\/uploads\/2024\/01\/abstract-3-300x225.jpg 300w, https:\/\/aheadand.com\/wp-content\/uploads\/2024\/01\/abstract-3-1024x768.jpg 1024w, https:\/\/aheadand.com\/wp-content\/uploads\/2024\/01\/abstract-3-768x576.jpg 768w, https:\/\/aheadand.com\/wp-content\/uploads\/2024\/01\/abstract-3-1536x1152.jpg 1536w\" sizes=\"auto, (max-width: 1920px) 100vw, 1920px\" \/><\/figure>Finanzwelt Neu Gedacht<h2 class=\"wp-block-heading\">AI-supported financial services<\/h2>AI als Wegbereiter f\u00fcr sichere und personalisierte Finanzl\u00f6sungen \u2013 effizient, transparent, kundennah.<h3 class=\"wp-block-heading\">Account information<\/h3>AI-Bots bieten Echtzeit-Kontostandsabfragen und Transaktions\u00fcbersichten.<h3 class=\"wp-block-heading\">Product advice<\/h3>Individuelle Beratung zu Finanzprodukten, angepasst an Kundenprofile<h3 class=\"wp-block-heading\">Customer support<\/h3>Virtueller Kundenservice verbessert Beratungs-effizienz und -qualit\u00e4t.<h3 class=\"wp-block-heading\">Credit counseling<\/h3>Kredite vergleichen und Antr\u00e4ge stellen, unterst\u00fctzt durch AI.<h3 class=\"wp-block-heading\">MIFID Compliance<\/h3>IEinhalten von EU-Finanzrichtlinien dank pr\u00e4ziser AI-Dokumentation.<h3 class=\"wp-block-heading\">Customer profiling<\/h3>AI erstellt genaue Kundenprofile f\u00fcr zielgerichtete Beratungen.<h3 class=\"wp-block-heading\">Risk profiling<\/h3>AI analysiert Risikoprofile f\u00fcr passgenaue Anlageempfehlungen.<h3 class=\"wp-block-heading\">Consulting<br\/>documentation<\/h3>Detaillierte Aufzeichnung von Beratungsgespr\u00e4chen f\u00fcr Compliance.Kommunikation Intelligenter Gestalten<h2 class=\"wp-block-heading\">AI-driven customer service<\/h2>Erweitern Sie die Kundenerfahrung mit AI, die informiert, verbindet und auf jede Anfrage reagiert.<h3 class=\"wp-block-heading\">Discover the potential<\/h3>Lernen Sie mehr \u00fcber die vielf\u00e4ltigen Einsatzm\u00f6glichkeiten unserer KI-Chatbots und wie sie Ihre Kundeninteraktion transformieren k\u00f6nnen.<div class=\"wp-block-buttons is-layout-flex wp-block-buttons-is-layout-flex\"><div class=\"wp-block-button\"><a class=\"wp-block-button__link\">Download now<\/a><\/div><\/div><figure class=\"wp-block-image size-medium\"><img loading=\"lazy\" decoding=\"async\" width=\"211\" height=\"300\" src=\"https:\/\/aheadand.com\/wp-content\/uploads\/2024\/01\/Screenshot-2024-01-24-at-09.32.07-211x300.png\" alt=\"\" class=\"wp-image-912\" title=\"\" srcset=\"https:\/\/aheadand.com\/wp-content\/uploads\/2024\/01\/Screenshot-2024-01-24-at-09.32.07-211x300.png 211w, https:\/\/aheadand.com\/wp-content\/uploads\/2024\/01\/Screenshot-2024-01-24-at-09.32.07-721x1024.png 721w, https:\/\/aheadand.com\/wp-content\/uploads\/2024\/01\/Screenshot-2024-01-24-at-09.32.07-768x1090.png 768w, https:\/\/aheadand.com\/wp-content\/uploads\/2024\/01\/Screenshot-2024-01-24-at-09.32.07.png 882w\" sizes=\"auto, (max-width: 211px) 100vw, 211px\" \/><\/figure><figure class=\"wp-block-image size-full\"><img loading=\"lazy\" decoding=\"async\" width=\"1920\" height=\"1440\" src=\"https:\/\/aheadand.com\/wp-content\/uploads\/2024\/01\/abstract-3.jpg\" alt=\"\" class=\"wp-image-684\" title=\"\" srcset=\"https:\/\/aheadand.com\/wp-content\/uploads\/2024\/01\/abstract-3.jpg 1920w, https:\/\/aheadand.com\/wp-content\/uploads\/2024\/01\/abstract-3-300x225.jpg 300w, https:\/\/aheadand.com\/wp-content\/uploads\/2024\/01\/abstract-3-1024x768.jpg 1024w, https:\/\/aheadand.com\/wp-content\/uploads\/2024\/01\/abstract-3-768x576.jpg 768w, https:\/\/aheadand.com\/wp-content\/uploads\/2024\/01\/abstract-3-1536x1152.jpg 1536w\" sizes=\"auto, (max-width: 1920px) 100vw, 1920px\" \/><\/figure><h3 class=\"wp-block-heading\">Tariff information<\/h3>Klare Tarifoptionen durch AI \u2013 immer den passenden Plan f\u00fcr Kundenbed\u00fcrfnisse.<h3 class=\"wp-block-heading\">General FAQ<\/h3>Schnelle Antworten rund um Servicefragen, jederzeit verf\u00fcgbar durch unseren AI-Bot.<h3 class=\"wp-block-heading\">Live chat<\/h3>AI-Chat f\u00fcr Direktsupport, bietet pers\u00f6nliche Betreuung ohne Wartezeit.&#8221;\nCard Icon<h3 class=\"wp-block-heading\">Complaint<br\/>management<\/h3>Effektives Beschwerdemanagement, das Kunden ernst nimmt und schnell handelt.<h3 class=\"wp-block-heading\">Product presentation<\/h3>AI pr\u00e4sentiert Angebote lebendig und f\u00f6rdert gezielt die Kundeneinsicht.<h3 class=\"wp-block-heading\">Cross-selling<\/h3>Intelligenter Verkaufsanreiz durch AI, passend zu Kundenvorlieben und -historie.<h3 class=\"wp-block-heading\">Contract management<\/h3>AI optimiert Vertragsanpassungen und erleichtert Tarifwechsel.<h3 class=\"wp-block-heading\">Customer loyalty<\/h3>AI analysiert Kundentrends f\u00fcr verbesserte Bindungsstrategien.AI im Unternehmen<h2 class=\"wp-block-heading\">Employee experience redesigned<\/h2>AI revolutioniert HR und Training \u2013 f\u00fcr eine interaktive, effiziente und personalisierte Mitarbeiterentwicklung.<h3 class=\"wp-block-heading\">Onboarding<\/h3>AI begleitet neue Talente, macht sie mit Kultur und Prozessen vertraut.<h3 class=\"wp-block-heading\">Internal resources<\/h3>Schneller Zugriff auf Dokumente und Richtlinien durch AI-Unterst\u00fctzung.<h3 class=\"wp-block-heading\">Vacation requests<\/h3>Urlaubsplanung vereinfacht: AI bearbeitet Anfragen und zeigt Kontost\u00e4nde..<h3 class=\"wp-block-heading\">Knowledge tests<\/h3>AI \u00fcberpr\u00fcft und festigt Wissen mit gezielten Nachtraining-Abfragen.<h3 class=\"wp-block-heading\">Learning sessions<\/h3>Interaktive AI-Sessions unterst\u00fctzen ein aktives und tiefgehendes Lernen.<h3 class=\"wp-block-heading\">Exercises<\/h3>Praxisnahe Aufgaben von AI gestellt, f\u00f6rdern das Verst\u00e4ndnis und die Anwendung.<h3 class=\"wp-block-heading\">Feedback<\/h3>AI sammelt R\u00fcckmeldungen zur kontinuierlichen Verbesserung von Trainings.<h3 class=\"wp-block-heading\">Learning plans<\/h3>ndividuelle Fortbildungswege dank AI-basierter Analyse der Lernenden.Intelligente Interaktionen<h2 class=\"wp-block-heading\">What are AI chatbots?<\/h2>Die Evolution des digitalen Kundendialogs beginnt hier.<h3 class=\"wp-block-heading\">Intelligent understanding<\/h3><p>Our AI chatbots use advanced algorithms for deep understanding and natural communication. They learn from every interaction in order to continuously improve the service.<\/p><figure class=\"wp-block-video\"><video height=\"586\" style=\"aspect-ratio: 586 \/ 586;\" width=\"586\" preload=\"auto\" src=\"https:\/\/aheadand.com\/wp-content\/uploads\/2024\/01\/matilda_whitepaper.mp4\" playsinline=\"\"><\/video><\/figure><h1 class=\"wp-block-heading\">AI chatbots: your digital key to unsurpassed customer loyalty<\/h1>Erleben Sie, wie unsere KI-Chatbots Ihr Kundenservice-Erlebnis rund um die Uhr transformieren.<div class=\"wp-block-buttons is-layout-flex wp-block-buttons-is-layout-flex\"><div class=\"wp-block-button\"><a class=\"wp-block-button__link\">Discover the possibilities<\/a><\/div><\/div><figure class=\"wp-block-image size-full\"><img loading=\"lazy\" decoding=\"async\" width=\"896\" height=\"1344\" src=\"https:\/\/aheadand.com\/wp-content\/uploads\/2024\/02\/Imagine_a_sleek_modern_office_2.jpg\" alt=\"\" class=\"wp-image-1690\" title=\"\" srcset=\"https:\/\/aheadand.com\/wp-content\/uploads\/2024\/02\/Imagine_a_sleek_modern_office_2.jpg 896w, https:\/\/aheadand.com\/wp-content\/uploads\/2024\/02\/Imagine_a_sleek_modern_office_2-200x300.jpg 200w, https:\/\/aheadand.com\/wp-content\/uploads\/2024\/02\/Imagine_a_sleek_modern_office_2-683x1024.jpg 683w, https:\/\/aheadand.com\/wp-content\/uploads\/2024\/02\/Imagine_a_sleek_modern_office_2-768x1152.jpg 768w\" sizes=\"auto, (max-width: 896px) 100vw, 896px\" \/><\/figure><figure class=\"wp-block-image size-full\"><img loading=\"lazy\" decoding=\"async\" width=\"896\" height=\"1344\" src=\"https:\/\/aheadand.com\/wp-content\/uploads\/2024\/02\/Imagine_a_sleek_modern_office_3.jpg\" alt=\"\" class=\"wp-image-1689\" title=\"\" srcset=\"https:\/\/aheadand.com\/wp-content\/uploads\/2024\/02\/Imagine_a_sleek_modern_office_3.jpg 896w, https:\/\/aheadand.com\/wp-content\/uploads\/2024\/02\/Imagine_a_sleek_modern_office_3-200x300.jpg 200w, https:\/\/aheadand.com\/wp-content\/uploads\/2024\/02\/Imagine_a_sleek_modern_office_3-683x1024.jpg 683w, https:\/\/aheadand.com\/wp-content\/uploads\/2024\/02\/Imagine_a_sleek_modern_office_3-768x1152.jpg 768w\" sizes=\"auto, (max-width: 896px) 100vw, 896px\" \/><\/figure><h2 class=\"wp-block-heading\">Your business benefits with AI chatbots<\/h2>Vorteile auf einen Blick<p>Each Ahead&amp; chatbot is programmed to dynamically adapt to the individual needs of your customers, providing a customized experience &#8211; in every conversation.<\/p><h3 class=\"wp-block-heading\">Dynamic adjustment<\/h3><h2 class=\"wp-block-heading\">Your key to success in AI<\/h2>Entscheidende KompetenzErfahren Sie, warum Ahead&#038; Ihr bevorzugter Partner f\u00fcr fortschrittliche KI-Projekte ist \u2013 ma\u00dfgeschneiderte L\u00f6sungen, fundierte Expertise und eine engagierte Partnerschaft erwarten Sie.<h3 class=\"wp-block-heading\">Top expertise in the use of AI<\/h3>Unsere Experten bringen tiefe Einblicke in KI-Technologien, gepaart mit branchen\u00fcbergreifender Erfahrung.<h3 class=\"wp-block-heading\">Innovation leader<\/h3>Wir treiben Innovation voran, indem wir die neuesten KI-Forschungen in praktische L\u00f6sungen umsetzen.<h3 class=\"wp-block-heading\">Working in partnership<\/h3>Ihr Erfolg ist unser Ziel. Wir arbeiten eng mit Ihnen zusammen, um KI nahtlos in Ihr Gesch\u00e4ft zu integrieren.<figure class=\"wp-block-image size-full\"><img loading=\"lazy\" decoding=\"async\" width=\"1456\" height=\"816\" src=\"https:\/\/aheadand.com\/wp-content\/uploads\/2024\/02\/A_visual_representation_of_the_key_to_success_in_AI.jpg\" alt=\"\" class=\"wp-image-1697\" title=\"\" srcset=\"https:\/\/aheadand.com\/wp-content\/uploads\/2024\/02\/A_visual_representation_of_the_key_to_success_in_AI.jpg 1456w, https:\/\/aheadand.com\/wp-content\/uploads\/2024\/02\/A_visual_representation_of_the_key_to_success_in_AI-300x168.jpg 300w, https:\/\/aheadand.com\/wp-content\/uploads\/2024\/02\/A_visual_representation_of_the_key_to_success_in_AI-1024x574.jpg 1024w, https:\/\/aheadand.com\/wp-content\/uploads\/2024\/02\/A_visual_representation_of_the_key_to_success_in_AI-768x430.jpg 768w\" sizes=\"auto, (max-width: 1456px) 100vw, 1456px\" \/><\/figure>10Years of Experience10Years of Experience10Years of ExperiencePhase 1: Konzeptionierung<h3 class=\"wp-block-heading\">Needs analysis<\/h3>Wir beginnen mit einer detaillierten Analyse Ihrer spezifischen Anforderungen und Ziele, um einen ma\u00dfgeschneiderten Implementierungsplan zu erstellen.Implementierung Schritt f\u00fcr Schritt<h2 class=\"wp-block-heading\">Your path to AI integration<\/h2>Ihre Reise in die Welt der KI beginnt mit einem nahtlosen Implementierungsprozess, der individuell auf Ihr Unternehmen zugeschnitten ist.Optimieren Sie Ihre Gesch\u00e4ftsprozesse und Kundenerlebnisse mit KI-Chatbots, die nicht nur Kosten sparen und st\u00e4ndige Verf\u00fcgbarkeit bieten, sondern auch interaktive, personalisierte Kommunikation erm\u00f6glichen.<figure class=\"wp-block-image size-full\"><img loading=\"lazy\" decoding=\"async\" width=\"1456\" height=\"816\" src=\"https:\/\/aheadand.com\/wp-content\/uploads\/2024\/02\/intelligent-understanding.jpg\" alt=\"\" class=\"wp-image-1842\" title=\"\" srcset=\"https:\/\/aheadand.com\/wp-content\/uploads\/2024\/02\/intelligent-understanding.jpg 1456w, https:\/\/aheadand.com\/wp-content\/uploads\/2024\/02\/intelligent-understanding-300x168.jpg 300w, https:\/\/aheadand.com\/wp-content\/uploads\/2024\/02\/intelligent-understanding-1024x574.jpg 1024w, https:\/\/aheadand.com\/wp-content\/uploads\/2024\/02\/intelligent-understanding-768x430.jpg 768w\" sizes=\"auto, (max-width: 1456px) 100vw, 1456px\" \/><\/figure><figure class=\"wp-block-image size-full\"><img loading=\"lazy\" decoding=\"async\" width=\"1456\" height=\"816\" src=\"https:\/\/aheadand.com\/wp-content\/uploads\/2024\/02\/smiling-chatbot.jpg\" alt=\"\" class=\"wp-image-1845\" title=\"\" srcset=\"https:\/\/aheadand.com\/wp-content\/uploads\/2024\/02\/smiling-chatbot.jpg 1456w, https:\/\/aheadand.com\/wp-content\/uploads\/2024\/02\/smiling-chatbot-300x168.jpg 300w, https:\/\/aheadand.com\/wp-content\/uploads\/2024\/02\/smiling-chatbot-1024x574.jpg 1024w, https:\/\/aheadand.com\/wp-content\/uploads\/2024\/02\/smiling-chatbot-768x430.jpg 768w\" sizes=\"auto, (max-width: 1456px) 100vw, 1456px\" \/><\/figure><p>Thanks to the ability of our chatbots to work around the clock without interruption, we guarantee permanent availability for your customers to take your service to the next level.<\/p><figure class=\"wp-block-image size-full\"><img loading=\"lazy\" decoding=\"async\" width=\"1456\" height=\"816\" src=\"https:\/\/aheadand.com\/wp-content\/uploads\/2024\/02\/facetime-call.jpg\" alt=\"\" class=\"wp-image-1848\" title=\"\" srcset=\"https:\/\/aheadand.com\/wp-content\/uploads\/2024\/02\/facetime-call.jpg 1456w, https:\/\/aheadand.com\/wp-content\/uploads\/2024\/02\/facetime-call-300x168.jpg 300w, https:\/\/aheadand.com\/wp-content\/uploads\/2024\/02\/facetime-call-1024x574.jpg 1024w, https:\/\/aheadand.com\/wp-content\/uploads\/2024\/02\/facetime-call-768x430.jpg 768w\" sizes=\"auto, (max-width: 1456px) 100vw, 1456px\" \/><\/figure><h3 class=\"wp-block-heading\">Permanent presence<\/h3><h3 class=\"wp-block-heading\">Cost efficiency<\/h3>KI-Chatbots minimieren den Aufwand im Kundenservice durch Automation und reduzieren so Ihre Betriebskosten.<h3 class=\"wp-block-heading\">Increased availability<\/h3>Mit KI-Chatbots ist Ihr Service rund um die Uhr erreichbar, was die Kundenzufriedenheit und -bindung steig<h3 class=\"wp-block-heading\">Personalized customer experiences<\/h3>Individuelle Kundeninteraktionen werden durch lernf\u00e4hige KI-Chatbots auf ein neues Niveau gehoben.<h3 class=\"wp-block-heading\">Individual conception<\/h3>Phase 2: EntwicklungEntwicklung eines auf Ihre Kunden und Ihr Gesch\u00e4ft zugeschnittenen KI-Chatbots, der durch personalisierte Interaktionen und intelligente Automatisierung \u00fcberzeugt.<h3 class=\"wp-block-heading\">Seamless integration<\/h3>Phase 3: IntegrationWir integrieren den KI-Chatbot in Ihre bestehenden Systeme, mit Schwerpunkt auf Stabilit\u00e4t und Benutzerfreundlichkeit, um eine nahtlose User Experience zu gew\u00e4hrleisten.<h3 class=\"wp-block-heading\">Continuous improvement<\/h3>Phase 4: OptimierungNach der Implementierung setzen wir auf kontinuierliches Lernen und Anpassen, um die Leistung Ihres KI-Chatbots stets zu optimieren und die Interaktionen zu verfeinern.AI-Unterst\u00fctzung, die mitdenkt<h2 class=\"wp-block-heading\">Chatbot benefits for your team<\/h2><h3 class=\"wp-block-heading\">Insights &amp; findings<\/h3><h4 class=\"wp-block-heading\">Personalized support<\/h4>Beantwortet individuelle Fragen der Mitarbeiter, z.B. zur Umsetzung in ihren Abteilungen.<h3 class=\"wp-block-heading\">For the employee<\/h3><h4 class=\"wp-block-heading\">Conversion rates<\/h4>Anteil der Mitarbeiter, die nach der Interaktion mit dem Bot ein besseres Verst\u00e4ndnis der Strategie angeben, gemessen durch Umfragen oder direktes Feedback.<h4 class=\"wp-block-heading\">Scalability and updates:<\/h4>Kann eine gro\u00dfe Anzahl von Mitarbeitern unterst\u00fctzen und schnell auf \u00c4nderungen reagieren.<h4 class=\"wp-block-heading\">Error rates<\/h4>Anzahl der falsch verstandenen Anfragen oder nicht beantworteten Fragen, um Verbesserungsm\u00f6glichkeiten zu identifizieren.<h4 class=\"wp-block-heading\">Consistent communication<\/h4>Stellt sicher, dass alle Mitarbeiter dieselben Informationen erhalten, ohne Verzerrungen.<h4 class=\"wp-block-heading\">Employee feedback<\/h4>Zusammenfassung von Feedback-Kommentaren, Bewertungen der Benutzererfahrung, Anregungen zur Verbesserung.<h4 class=\"wp-block-heading\">24\/7 availability<\/h4>Steht rund um die Uhr zur Verf\u00fcgung, um Fragen zu beantworten, unabh\u00e4ngig von der Arbeitszeit.<h4 class=\"wp-block-heading\">Usage statistics<\/h4>Anzahl der Interaktionen, beliebteste Fragen, Zeiten mit hoher Nutzung, usw.<h4 class=\"wp-block-heading\">Success of strategy implementation<\/h4>Messung von Metriken wie Umsatzwachstum, Produktivit\u00e4t, Kundenzufriedenheit usw., um die Auswirkungen der neuen Strategie zu bewerten.Unsere intelligenten Chatbots bieten Ihren Mitarbeitern eine personalisierte und st\u00e4ndig verf\u00fcgbare Unterst\u00fctzung. Sie gew\u00e4hrleisten eine einheitliche Kommunikation und passen sich dynamisch an Ver\u00e4nderungen an. Mit pr\u00e4zisen Insights f\u00f6rdern sie eine kontinuierliche Optimierung und strategische Erfolge im gesamten UnternehmenAhead&#038; Academy | Whitepaper<h2 class=\"wp-block-heading\">AI-controlled sales bots: revolution in lead generation<\/h2>Entdecken Sie in unserem <b>kostenlosen Whitepaper<\/b>, wie KI-gest\u00fctzte Vertriebsbots Ihre Lead-Generierung transformieren k\u00f6nnen. Erfahren Sie, wie zukunftsorientierte KMUs die Kraft der KI nutzen.<div class=\"wp-block-buttons is-layout-flex wp-block-buttons-is-layout-flex\"><div class=\"wp-block-button\"><a class=\"wp-block-button__link\">Download now<\/a><\/div><\/div>","protected":false},"excerpt":{"rendered":"<p>L\u00f6sungsorientierte Chatbots AI chatbot solutions: Your bridge to the future Entdecken Sie, wie Ahead&#038; Chatbot-L\u00f6sungen Ihre Gesch\u00e4ftsprozesse revolutionieren k\u00f6nnen \u2013 mit Szenarien, die zeigen, was m\u00f6glich wird, wenn Technologie auf Menschlichkeit trifft.Retail RevolutionEinzelhandel neu definiert \u2013 mit AI zu personalisiertem Shopping-Erlebnis.AI f\u00fcr BankingFinanzwesen trifft AI \u2013 Sicherheit und Intelligenz f\u00fcr Ihr Kapital.Customer ExperienceKommunikation gest\u00e4rkt durch [&hellip;]<\/p>\n","protected":false},"author":1,"featured_media":0,"parent":0,"menu_order":0,"comment_status":"closed","ping_status":"closed","template":"","meta":{"footnotes":""},"class_list":["post-2851","page","type-page","status-publish","hentry"],"_links":{"self":[{"href":"https:\/\/aheadand.com\/en\/wp-json\/wp\/v2\/pages\/2851","targetHints":{"allow":["GET"]}}],"collection":[{"href":"https:\/\/aheadand.com\/en\/wp-json\/wp\/v2\/pages"}],"about":[{"href":"https:\/\/aheadand.com\/en\/wp-json\/wp\/v2\/types\/page"}],"author":[{"embeddable":true,"href":"https:\/\/aheadand.com\/en\/wp-json\/wp\/v2\/users\/1"}],"replies":[{"embeddable":true,"href":"https:\/\/aheadand.com\/en\/wp-json\/wp\/v2\/comments?post=2851"}],"version-history":[{"count":4,"href":"https:\/\/aheadand.com\/en\/wp-json\/wp\/v2\/pages\/2851\/revisions"}],"predecessor-version":[{"id":3796,"href":"https:\/\/aheadand.com\/en\/wp-json\/wp\/v2\/pages\/2851\/revisions\/3796"}],"wp:attachment":[{"href":"https:\/\/aheadand.com\/en\/wp-json\/wp\/v2\/media?parent=2851"}],"curies":[{"name":"wp","href":"https:\/\/api.w.org\/{rel}","templated":true}]}}