{"id":2850,"date":"2024-01-29T20:24:18","date_gmt":"2024-01-29T19:24:18","guid":{"rendered":"https:\/\/aheadand.com\/ki-data\/"},"modified":"2024-03-21T10:49:46","modified_gmt":"2024-03-21T09:49:46","slug":"ki-data","status":"publish","type":"page","link":"https:\/\/aheadand.com\/en\/ki-data\/","title":{"rendered":"ki data"},"content":{"rendered":"L\u00f6sungsorientierte Chatbots<h2 class=\"wp-block-heading\">AI chatbot solutions: Your bridge to the future<\/h2>Entdecken Sie, wie Ahead&#038; Chatbot-L\u00f6sungen Ihre Gesch\u00e4ftsprozesse revolutionieren k\u00f6nnen \u2013 mit Szenarien, die zeigen, was m\u00f6glich wird, wenn Technologie auf Menschlichkeit trifft.Geo KIStandort und Infrastrukturplanung neu definiert<figure class=\"wp-block-image size-full\"><img decoding=\"async\" src=\"https:\/\/aheadand.com\/wp-content\/uploads\/2024\/01\/DALL&#xB7;E-2024-01-26-11.24.04-Create-a-friendly-and-approachable-image-of-a-human-interacting-with-a-digital-retail-environment-symbolizing-AI-driven-e-commerce.-The-image-should-.png\" alt=\"\" class=\"wp-image-1012\" title=\"\"><\/figure>KI-ClusterWertvolle Insights gewinnen \u2013 Kunden verstehen und Risiken erkennen<figure class=\"wp-block-image size-full\"><img decoding=\"async\" src=\"https:\/\/aheadand.com\/wp-content\/uploads\/2024\/01\/DALL&#xB7;E-2024-01-26-11.24.02-Create-an-engaging-and-welcoming-image-of-a-person-in-a-modern-financial-setting-interacting-with-futuristic-fintech-solutions.-The-style-should-be-b.png\" alt=\"\" class=\"wp-image-1013\" title=\"\"><\/figure>Strategische Geodaten-Analyse<h2 class=\"wp-block-heading\">GEO-KI: Navigate to success<\/h2>Entscheidend f\u00fcr Handel und Infrastruktur: GEO-KI nutzt Standortdaten und geografische Einsichten, um Ihre Entscheidungsfindung zu pr\u00e4zisieren und Effizienz zu maximieren.<h3 class=\"wp-block-heading\">Location analysis<\/h3>Entdecken Sie Kundenhotspots. Geo-KI identifiziert, wo Veganer und Vegetarier leben, und sch\u00e4rft Ihr Marketing.<h3 class=\"wp-block-heading\">Target group search<\/h3>Finden und verstehen Sie Ihre Zielgruppe. Geo-KI lokalisiert pr\u00e4zise die Gemeinschaften f\u00fcr ma\u00dfgeschneidertes Marketing.Intelligenz trifft Intuition<h2 class=\"wp-block-heading\">Why AI is revolutionizing data analysis<\/h2>In der \u00c4ra gro\u00dfer Datenmengen entz\u00fcndet KI den Funken der Erkenntnis. Entdecken Sie, wie K\u00fcnstliche Intelligenz Daten in Entscheidungen verwandelt und neue Gesch\u00e4ftschancen er\u00f6ffnet.<h3 class=\"wp-block-heading\">AI segmentation: personalized customer approach<\/h3><p>Experience how our AI segmentation revolutionizes your marketing strategy to meet individual customer needs.<\/p><div class=\"wp-block-buttons is-layout-flex wp-block-buttons-is-layout-flex\"><div class=\"wp-block-button\"><a class=\"wp-block-button__link\">Discover the possibilities<\/a><\/div><\/div><h1 class=\"wp-block-heading\">AI for data analysis: your key to data-driven insights<\/h1>Erleben Sie, wie unsere Datenanalyse Ihr Gesch\u00e4ftserlebnis durch umfassende Einblicke und datenbasierte Entscheidungen transformiert.<figure class=\"wp-block-image size-full\"><img loading=\"lazy\" decoding=\"async\" width=\"1024\" height=\"1024\" src=\"https:\/\/aheadand.com\/wp-content\/uploads\/2024\/02\/data-analytics_smiling_and_sympathetic.jpg\" alt=\"\" class=\"wp-image-1703\" title=\"\" srcset=\"https:\/\/aheadand.com\/wp-content\/uploads\/2024\/02\/data-analytics_smiling_and_sympathetic.jpg 1024w, https:\/\/aheadand.com\/wp-content\/uploads\/2024\/02\/data-analytics_smiling_and_sympathetic-300x300.jpg 300w, https:\/\/aheadand.com\/wp-content\/uploads\/2024\/02\/data-analytics_smiling_and_sympathetic-150x150.jpg 150w, https:\/\/aheadand.com\/wp-content\/uploads\/2024\/02\/data-analytics_smiling_and_sympathetic-768x768.jpg 768w\" sizes=\"auto, (max-width: 1024px) 100vw, 1024px\" \/><\/figure><figure class=\"wp-block-image size-full\"><img loading=\"lazy\" decoding=\"async\" width=\"896\" height=\"1344\" src=\"https:\/\/aheadand.com\/wp-content\/uploads\/2024\/02\/Imagine_a_sleek_modern_office_2.jpg\" alt=\"\" class=\"wp-image-1690\" title=\"\" srcset=\"https:\/\/aheadand.com\/wp-content\/uploads\/2024\/02\/Imagine_a_sleek_modern_office_2.jpg 896w, https:\/\/aheadand.com\/wp-content\/uploads\/2024\/02\/Imagine_a_sleek_modern_office_2-200x300.jpg 200w, https:\/\/aheadand.com\/wp-content\/uploads\/2024\/02\/Imagine_a_sleek_modern_office_2-683x1024.jpg 683w, https:\/\/aheadand.com\/wp-content\/uploads\/2024\/02\/Imagine_a_sleek_modern_office_2-768x1152.jpg 768w\" sizes=\"auto, (max-width: 896px) 100vw, 896px\" \/><\/figure><figure class=\"wp-block-image size-full\"><img loading=\"lazy\" decoding=\"async\" width=\"896\" height=\"1344\" src=\"https:\/\/aheadand.com\/wp-content\/uploads\/2024\/02\/Imagine_a_sleek_modern_office_3.jpg\" alt=\"\" class=\"wp-image-1689\" title=\"\" srcset=\"https:\/\/aheadand.com\/wp-content\/uploads\/2024\/02\/Imagine_a_sleek_modern_office_3.jpg 896w, https:\/\/aheadand.com\/wp-content\/uploads\/2024\/02\/Imagine_a_sleek_modern_office_3-200x300.jpg 200w, https:\/\/aheadand.com\/wp-content\/uploads\/2024\/02\/Imagine_a_sleek_modern_office_3-683x1024.jpg 683w, https:\/\/aheadand.com\/wp-content\/uploads\/2024\/02\/Imagine_a_sleek_modern_office_3-768x1152.jpg 768w\" sizes=\"auto, (max-width: 896px) 100vw, 896px\" \/><\/figure><h2 class=\"wp-block-heading\">Your business benefits through AI data analysis<\/h2>Vorteile auf einen Blick<p>Location-specific intelligence opens up new perspectives. With our geo-AI, you can optimize investments and recognize how digital and physical worlds interact.<\/p><h3 class=\"wp-block-heading\">Geo-AI:  <br\/>Intelligence with a local connection<\/h3>Phase 1: Konzeptionierung<h3 class=\"wp-block-heading\">Needs analysis<\/h3>Alles beginnt mit der pr\u00e4zisen Erfassung Ihrer Bed\u00fcrfnisse. Wir analysieren Ihre Zielsetzungen und Datenstrukturen, um eine fundierte Basis f\u00fcr den Einsatz von KI-Datenanalyse zu schaffen.Implementierung Schritt f\u00fcr Schritt<h2 class=\"wp-block-heading\">Your path to AI-based data analysis<\/h2>Begleiten Sie uns auf dem Weg zur Integration fortschrittlicher KI-Datenanalyse, ma\u00dfgeschneidert f\u00fcr die spezifischen Bed\u00fcrfnisse Ihres Unternehmens.Erweitern Sie Ihre strategische Entscheidungsfindung und Wettbewerbsf\u00e4higkeit mit KI-Datenanalyse, die tiefgreifende Einsichten liefert und pr\u00e4zise Marktprognosen erm\u00f6glicht.<h2 class=\"wp-block-heading\">Your key to success in AI<\/h2>Entscheidende KompetenzErfahren Sie, warum Ahead&#038; Ihr bevorzugter Partner f\u00fcr fortschrittliche KI-Projekte ist \u2013 ma\u00dfgeschneiderte L\u00f6sungen, fundierte Expertise und eine engagierte Partnerschaft erwarten Sie.<h3 class=\"wp-block-heading\">Top expertise in the use of AI<\/h3>Unsere Experten bringen tiefe Einblicke in KI-Technologien, gepaart mit branchen\u00fcbergreifender Erfahrung.<h3 class=\"wp-block-heading\">Innovation leader<\/h3>Wir treiben Innovation voran, indem wir die neuesten KI-Forschungen in praktische L\u00f6sungen umsetzen.<h3 class=\"wp-block-heading\">Working in partnership<\/h3>Ihr Erfolg ist unser Ziel. Wir arbeiten eng mit Ihnen zusammen, um KI nahtlos in Ihr Gesch\u00e4ft zu integrieren.<figure class=\"wp-block-image size-full\"><img loading=\"lazy\" decoding=\"async\" width=\"1456\" height=\"816\" src=\"https:\/\/aheadand.com\/wp-content\/uploads\/2024\/02\/A_visual_representation_of_the_key_to_success_in_AI.jpg\" alt=\"\" class=\"wp-image-1697\" title=\"\" srcset=\"https:\/\/aheadand.com\/wp-content\/uploads\/2024\/02\/A_visual_representation_of_the_key_to_success_in_AI.jpg 1456w, https:\/\/aheadand.com\/wp-content\/uploads\/2024\/02\/A_visual_representation_of_the_key_to_success_in_AI-300x168.jpg 300w, https:\/\/aheadand.com\/wp-content\/uploads\/2024\/02\/A_visual_representation_of_the_key_to_success_in_AI-1024x574.jpg 1024w, https:\/\/aheadand.com\/wp-content\/uploads\/2024\/02\/A_visual_representation_of_the_key_to_success_in_AI-768x430.jpg 768w\" sizes=\"auto, (max-width: 1456px) 100vw, 1456px\" \/><\/figure>10Years of Experience10Years of Experience10Years of Experience<figure class=\"wp-block-image size-full\"><img loading=\"lazy\" decoding=\"async\" width=\"1456\" height=\"816\" src=\"https:\/\/aheadand.com\/wp-content\/uploads\/2024\/02\/Futuristic_AI_network_mapping_out_personalized_custom_experience.jpg\" alt=\"\" class=\"wp-image-1666\" title=\"\" srcset=\"https:\/\/aheadand.com\/wp-content\/uploads\/2024\/02\/Futuristic_AI_network_mapping_out_personalized_custom_experience.jpg 1456w, https:\/\/aheadand.com\/wp-content\/uploads\/2024\/02\/Futuristic_AI_network_mapping_out_personalized_custom_experience-300x168.jpg 300w, https:\/\/aheadand.com\/wp-content\/uploads\/2024\/02\/Futuristic_AI_network_mapping_out_personalized_custom_experience-1024x574.jpg 1024w, https:\/\/aheadand.com\/wp-content\/uploads\/2024\/02\/Futuristic_AI_network_mapping_out_personalized_custom_experience-768x430.jpg 768w\" sizes=\"auto, (max-width: 1456px) 100vw, 1456px\" \/><\/figure><figure class=\"wp-block-image size-full\"><img loading=\"lazy\" decoding=\"async\" width=\"1456\" height=\"816\" src=\"https:\/\/aheadand.com\/wp-content\/uploads\/2024\/02\/cmgramse_Sophisticated_Geo-KI_interface_by_TUV_Rheinland_aerial_b159e4a8-870a-42f8-a748-154e521dcb2a.jpg\" alt=\"\" class=\"wp-image-1661\" title=\"\" srcset=\"https:\/\/aheadand.com\/wp-content\/uploads\/2024\/02\/cmgramse_Sophisticated_Geo-KI_interface_by_TUV_Rheinland_aerial_b159e4a8-870a-42f8-a748-154e521dcb2a.jpg 1456w, https:\/\/aheadand.com\/wp-content\/uploads\/2024\/02\/cmgramse_Sophisticated_Geo-KI_interface_by_TUV_Rheinland_aerial_b159e4a8-870a-42f8-a748-154e521dcb2a-300x168.jpg 300w, https:\/\/aheadand.com\/wp-content\/uploads\/2024\/02\/cmgramse_Sophisticated_Geo-KI_interface_by_TUV_Rheinland_aerial_b159e4a8-870a-42f8-a748-154e521dcb2a-1024x574.jpg 1024w, https:\/\/aheadand.com\/wp-content\/uploads\/2024\/02\/cmgramse_Sophisticated_Geo-KI_interface_by_TUV_Rheinland_aerial_b159e4a8-870a-42f8-a748-154e521dcb2a-768x430.jpg 768w\" sizes=\"auto, (max-width: 1456px) 100vw, 1456px\" \/><\/figure><p>Bringing order to data chaos: Our AI cluster technology enables you to structure data volumes and discover hidden insights.<\/p><figure class=\"wp-block-image size-full\"><img loading=\"lazy\" decoding=\"async\" width=\"1456\" height=\"816\" src=\"https:\/\/aheadand.com\/wp-content\/uploads\/2024\/02\/Visualize_a_modern_digital_interface.jpg\" alt=\"\" class=\"wp-image-1667\" title=\"\" srcset=\"https:\/\/aheadand.com\/wp-content\/uploads\/2024\/02\/Visualize_a_modern_digital_interface.jpg 1456w, https:\/\/aheadand.com\/wp-content\/uploads\/2024\/02\/Visualize_a_modern_digital_interface-300x168.jpg 300w, https:\/\/aheadand.com\/wp-content\/uploads\/2024\/02\/Visualize_a_modern_digital_interface-1024x574.jpg 1024w, https:\/\/aheadand.com\/wp-content\/uploads\/2024\/02\/Visualize_a_modern_digital_interface-768x430.jpg 768w\" sizes=\"auto, (max-width: 1456px) 100vw, 1456px\" \/><\/figure><h3 class=\"wp-block-heading\">AI cluster:  <br\/>Mastering data management<\/h3><h3 class=\"wp-block-heading\">Discover the potential<\/h3>Lernen Sie mehr \u00fcber die vielf\u00e4ltigen Einsatzm\u00f6glichkeiten unserer KI-Chatbots und wie sie Ihre Kundeninteraktion transformieren k\u00f6nnen.<figure class=\"wp-block-image size-full\"><img loading=\"lazy\" decoding=\"async\" width=\"1920\" height=\"1440\" src=\"https:\/\/aheadand.com\/wp-content\/uploads\/2024\/01\/abstract-3.jpg\" alt=\"\" class=\"wp-image-684\" title=\"\" srcset=\"https:\/\/aheadand.com\/wp-content\/uploads\/2024\/01\/abstract-3.jpg 1920w, https:\/\/aheadand.com\/wp-content\/uploads\/2024\/01\/abstract-3-300x225.jpg 300w, https:\/\/aheadand.com\/wp-content\/uploads\/2024\/01\/abstract-3-1024x768.jpg 1024w, https:\/\/aheadand.com\/wp-content\/uploads\/2024\/01\/abstract-3-768x576.jpg 768w, https:\/\/aheadand.com\/wp-content\/uploads\/2024\/01\/abstract-3-1536x1152.jpg 1536w\" sizes=\"auto, (max-width: 1920px) 100vw, 1920px\" \/><\/figure><div class=\"wp-block-buttons is-layout-flex wp-block-buttons-is-layout-flex\"><div class=\"wp-block-button\"><a class=\"wp-block-button__link\">Learn more<\/a><\/div><\/div><figure class=\"wp-block-image size-full\"><img loading=\"lazy\" decoding=\"async\" width=\"1920\" height=\"1440\" src=\"https:\/\/aheadand.com\/wp-content\/uploads\/2024\/01\/abstract-3.jpg\" alt=\"\" class=\"wp-image-684\" title=\"\" srcset=\"https:\/\/aheadand.com\/wp-content\/uploads\/2024\/01\/abstract-3.jpg 1920w, https:\/\/aheadand.com\/wp-content\/uploads\/2024\/01\/abstract-3-300x225.jpg 300w, https:\/\/aheadand.com\/wp-content\/uploads\/2024\/01\/abstract-3-1024x768.jpg 1024w, https:\/\/aheadand.com\/wp-content\/uploads\/2024\/01\/abstract-3-768x576.jpg 768w, https:\/\/aheadand.com\/wp-content\/uploads\/2024\/01\/abstract-3-1536x1152.jpg 1536w\" sizes=\"auto, (max-width: 1920px) 100vw, 1920px\" \/><\/figure>Kundenkenntnis neu definiert<h2 class=\"wp-block-heading\">AI cluster: Unleashing CRM potential<\/h2>Erweitern Sie Ihre Marktkenntnis und Kundenbindung im Handel. Unsere KI-Cluster erm\u00f6glichen eine tiefgreifende Integration mit Ihrem CRM-System, um ma\u00dfgeschneiderte Einblicke zu gewinnen.<h2 class=\"wp-block-heading\">This is just a placeholder headline<\/h2>This is just placeholder text. Don\u2019t be alarmed, this is just here to fill up space since your finalized copy isn\u2019t ready yet.<div class=\"wp-block-buttons is-layout-flex wp-block-buttons-is-layout-flex\"><div class=\"wp-block-button\"><a class=\"wp-block-button__link\">I am a button<\/a><\/div><\/div><h3 class=\"wp-block-heading\">Segmentation<\/h3>KI-Cluster teilen Kunden basierend auf Verhalten und Vorlieben. Erzielen Sie pr\u00e4zises Targeting f\u00fcr wirkungsvolles Marketing.<h3 class=\"wp-block-heading\">Cross-selling<\/h3>Identifizieren Sie Topseller-Kombinationen. Unsere KI erstellt treffsichere Produktvorschl\u00e4ge, die den Verkauf f\u00f6rdern<h3 class=\"wp-block-heading\">Risk analysis<\/h3>KI-Cluster bewerten Risiken durch tiefgehende Datenanalyse, f\u00fcr sichere Entscheidungen im Finanzsektor.<h3 class=\"wp-block-heading\">Content tuning<\/h3>KI-Cluster kuratieren Medieninhalte. Erhalten Sie zielgenaue Empfehlungen f\u00fcr Artikel, Videos und Musik.<h3 class=\"wp-block-heading\">Data-driven decisions<\/h3>KI-Datenanalysen erm\u00f6glichen es Ihnen, komplexe Daten zu entschl\u00fcsseln und fundierte Entscheidungen zu treffen, die Ihre Unternehmensstrategie st\u00e4rken.<h3 class=\"wp-block-heading\">Market forecasts<\/h3>Nutzen Sie die pr\u00e4diktiven F\u00e4higkeiten von KI, um Markttrends vorherzusagen und sich strategische Vorteile zu sichern.<h3 class=\"wp-block-heading\">Personalized customer experiences<\/h3>Individuelle Kundeninteraktionen werden durch lernf\u00e4hige KI-Chatbots auf ein neues Niveau gehoben.<h3 class=\"wp-block-heading\">Individual conception<\/h3>Phase 2: EntwicklungUnsere Experten entwickeln eine KI-Datenanalysestrategie, die perfekt auf Ihre Gesch\u00e4ftsanforderungen und die Bed\u00fcrfnisse Ihrer Kunden abgestimmt ist, um wertvolle Einblicke zu generieren.<h3 class=\"wp-block-heading\">Seamless integration<\/h3>Phase 3: IntegrationDie nahtlose Einbettung der KI-Datenanalyse in Ihre Systemlandschaft steht im Fokus. Wir garantieren dabei h\u00f6chste Standards an Stabilit\u00e4t und Nutzerfreundlichkeit.<h3 class=\"wp-block-heading\">Analytics-as-a-Service<\/h3>Phase 4: Analytik-ServiceNach der Implementierung bieten wir Ihnen Analytics as a Service an \u2013 ein fortlaufendes Servicekonzept, das Ihre Datenanalyse kontinuierlich verfeinert und aktualisiert, um stets optimale Ergebnisse zu liefern.<p>Our AI-supported analytics as a service provides you with turnkey insights that are essential for strategic decisions.<\/p><figure class=\"wp-block-image size-full\"><img loading=\"lazy\" decoding=\"async\" width=\"1456\" height=\"816\" src=\"https:\/\/aheadand.com\/wp-content\/uploads\/2024\/02\/Geo-KI_technology_in_action.jpg\" alt=\"\" class=\"wp-image-1664\" title=\"\" srcset=\"https:\/\/aheadand.com\/wp-content\/uploads\/2024\/02\/Geo-KI_technology_in_action.jpg 1456w, https:\/\/aheadand.com\/wp-content\/uploads\/2024\/02\/Geo-KI_technology_in_action-300x168.jpg 300w, https:\/\/aheadand.com\/wp-content\/uploads\/2024\/02\/Geo-KI_technology_in_action-1024x574.jpg 1024w, https:\/\/aheadand.com\/wp-content\/uploads\/2024\/02\/Geo-KI_technology_in_action-768x430.jpg 768w\" sizes=\"auto, (max-width: 1456px) 100vw, 1456px\" \/><\/figure><h3 class=\"wp-block-heading\">AI cluster:  <br\/>Your solution for intelligent data management<\/h3><h3 class=\"wp-block-heading\">Analytics as a service:  <br\/>Decisions through data<\/h3>","protected":false},"excerpt":{"rendered":"<p>L\u00f6sungsorientierte Chatbots AI chatbot solutions: Your bridge to the future Entdecken Sie, wie Ahead&#038; Chatbot-L\u00f6sungen Ihre Gesch\u00e4ftsprozesse revolutionieren k\u00f6nnen \u2013 mit Szenarien, die zeigen, was m\u00f6glich wird, wenn Technologie auf Menschlichkeit trifft.Geo KIStandort und Infrastrukturplanung neu definiertKI-ClusterWertvolle Insights gewinnen \u2013 Kunden verstehen und Risiken erkennenStrategische Geodaten-Analyse GEO-KI: Navigate to success Entscheidend f\u00fcr Handel und Infrastruktur: [&hellip;]<\/p>\n","protected":false},"author":1,"featured_media":0,"parent":0,"menu_order":0,"comment_status":"closed","ping_status":"closed","template":"","meta":{"footnotes":""},"class_list":["post-2850","page","type-page","status-publish","hentry"],"_links":{"self":[{"href":"https:\/\/aheadand.com\/en\/wp-json\/wp\/v2\/pages\/2850","targetHints":{"allow":["GET"]}}],"collection":[{"href":"https:\/\/aheadand.com\/en\/wp-json\/wp\/v2\/pages"}],"about":[{"href":"https:\/\/aheadand.com\/en\/wp-json\/wp\/v2\/types\/page"}],"author":[{"embeddable":true,"href":"https:\/\/aheadand.com\/en\/wp-json\/wp\/v2\/users\/1"}],"replies":[{"embeddable":true,"href":"https:\/\/aheadand.com\/en\/wp-json\/wp\/v2\/comments?post=2850"}],"version-history":[{"count":3,"href":"https:\/\/aheadand.com\/en\/wp-json\/wp\/v2\/pages\/2850\/revisions"}],"predecessor-version":[{"id":2868,"href":"https:\/\/aheadand.com\/en\/wp-json\/wp\/v2\/pages\/2850\/revisions\/2868"}],"wp:attachment":[{"href":"https:\/\/aheadand.com\/en\/wp-json\/wp\/v2\/media?parent=2850"}],"curies":[{"name":"wp","href":"https:\/\/api.w.org\/{rel}","templated":true}]}}