{"id":2849,"date":"2024-01-29T20:24:01","date_gmt":"2024-01-29T19:24:01","guid":{"rendered":"https:\/\/aheadand.com\/ki-advisory\/"},"modified":"2024-03-21T10:49:46","modified_gmt":"2024-03-21T09:49:46","slug":"ki-advisory","status":"publish","type":"page","link":"https:\/\/aheadand.com\/en\/ki-advisory\/","title":{"rendered":"ki-advisory"},"content":{"rendered":"AI-Solutions: Navigieren Sie durch den Wandel<h2 class=\"wp-block-heading\">AI innovations: From concept to market maturity<\/h2>Entdecken Sie unser Portfolio an AI-L\u00f6sungen, das von Micro Touchpoint Analysen \u00fcber ma\u00dfgeschneiderte Chatbot-Entwicklungen bis hin zu komplexen Datenanalysen reicht.Touchpoint IntelligenzErkennen Sie die Nuancen des Kundenengagements mit pr\u00e4zisen Micro Touchpoint Analysen.<figure class=\"wp-block-image size-full\"><img decoding=\"async\" src=\"https:\/\/aheadand.com\/wp-content\/uploads\/2024\/01\/DALL&#xB7;E-2024-01-26-11.24.04-Create-a-friendly-and-approachable-image-of-a-human-interacting-with-a-digital-retail-environment-symbolizing-AI-driven-e-commerce.-The-image-should-.png\" alt=\"\" class=\"wp-image-1012\" title=\"\"><\/figure>Prototypen Agilit\u00e4tBringen Sie Ihre Ideen mit unseren z\u00fcgigen Prototypen und MVPs schneller an den Markt.<figure class=\"wp-block-image size-full\"><img loading=\"lazy\" decoding=\"async\" width=\"1456\" height=\"816\" src=\"https:\/\/aheadand.com\/wp-content\/uploads\/2024\/02\/prototyping.jpg\" alt=\"\" class=\"wp-image-1783\" title=\"\" srcset=\"https:\/\/aheadand.com\/wp-content\/uploads\/2024\/02\/prototyping.jpg 1456w, https:\/\/aheadand.com\/wp-content\/uploads\/2024\/02\/prototyping-300x168.jpg 300w, https:\/\/aheadand.com\/wp-content\/uploads\/2024\/02\/prototyping-1024x574.jpg 1024w, https:\/\/aheadand.com\/wp-content\/uploads\/2024\/02\/prototyping-768x430.jpg 768w\" sizes=\"auto, (max-width: 1456px) 100vw, 1456px\" \/><\/figure>Chatbots nach Ma\u00dfErleben Sie, wie unsere individuellen Chatbots Ihr Kundenerlebnis revolutionieren.<figure class=\"wp-block-image size-full\"><img loading=\"lazy\" decoding=\"async\" width=\"1456\" height=\"816\" src=\"https:\/\/aheadand.com\/wp-content\/uploads\/2024\/02\/chatbot.jpg\" alt=\"\" class=\"wp-image-1785\" title=\"\" srcset=\"https:\/\/aheadand.com\/wp-content\/uploads\/2024\/02\/chatbot.jpg 1456w, https:\/\/aheadand.com\/wp-content\/uploads\/2024\/02\/chatbot-300x168.jpg 300w, https:\/\/aheadand.com\/wp-content\/uploads\/2024\/02\/chatbot-1024x574.jpg 1024w, https:\/\/aheadand.com\/wp-content\/uploads\/2024\/02\/chatbot-768x430.jpg 768w\" sizes=\"auto, (max-width: 1456px) 100vw, 1456px\" \/><\/figure>Intelligente InhalteOptimieren Sie Ihr Dokumentenmanagement mit AI-unterst\u00fctzter semantischer Aufbereitung.<figure class=\"wp-block-image size-full\"><img loading=\"lazy\" decoding=\"async\" width=\"1456\" height=\"816\" src=\"https:\/\/aheadand.com\/wp-content\/uploads\/2024\/02\/document-management.jpg\" alt=\"\" class=\"wp-image-1790\" title=\"\" srcset=\"https:\/\/aheadand.com\/wp-content\/uploads\/2024\/02\/document-management.jpg 1456w, https:\/\/aheadand.com\/wp-content\/uploads\/2024\/02\/document-management-300x168.jpg 300w, https:\/\/aheadand.com\/wp-content\/uploads\/2024\/02\/document-management-1024x574.jpg 1024w, https:\/\/aheadand.com\/wp-content\/uploads\/2024\/02\/document-management-768x430.jpg 768w\" sizes=\"auto, (max-width: 1456px) 100vw, 1456px\" \/><\/figure><figure class=\"wp-block-image size-full\"><img decoding=\"async\" src=\"https:\/\/aheadand.com\/wp-content\/uploads\/2024\/01\/DALL&#xB7;E-2024-01-26-11.24.04-Create-a-friendly-and-approachable-image-of-a-human-interacting-with-a-digital-retail-environment-symbolizing-AI-driven-e-commerce.-The-image-should-.png\" alt=\"\" class=\"wp-image-1012\" title=\"\"><\/figure>Kundeninteraktion verstehen<h2 class=\"wp-block-heading\">Fine-tuning customer loyalty<\/h2>Dialogk\u00fcnstler<h2 class=\"wp-block-heading\">Communication that inspires<\/h2><p>Customized chatbots as the key to outstanding customer communication.<\/p>\n<p>Our chatbots are true masters of communication &#8211; they speak your customers&#8217; language perfectly and provide unforgettable experiences, always in compliance with data protection regulations and absolutely secure.<\/p><figure class=\"wp-block-image size-full\"><img loading=\"lazy\" decoding=\"async\" width=\"1456\" height=\"816\" src=\"https:\/\/aheadand.com\/wp-content\/uploads\/2024\/02\/chatbot.jpg\" alt=\"\" class=\"wp-image-1785\" title=\"\" srcset=\"https:\/\/aheadand.com\/wp-content\/uploads\/2024\/02\/chatbot.jpg 1456w, https:\/\/aheadand.com\/wp-content\/uploads\/2024\/02\/chatbot-300x168.jpg 300w, https:\/\/aheadand.com\/wp-content\/uploads\/2024\/02\/chatbot-1024x574.jpg 1024w, https:\/\/aheadand.com\/wp-content\/uploads\/2024\/02\/chatbot-768x430.jpg 768w\" sizes=\"auto, (max-width: 1456px) 100vw, 1456px\" \/><\/figure>Markt-Insights<h2 class=\"wp-block-heading\">Document preparation<\/h2><p>We structure information for maximum chatbot performance.<\/p>\n<p>Our approach refines your document management, ensures content quality and prepares data for intelligent dialog.<\/p><figure class=\"wp-block-image size-full\"><img loading=\"lazy\" decoding=\"async\" width=\"1456\" height=\"816\" src=\"https:\/\/aheadand.com\/wp-content\/uploads\/2024\/02\/document-management.jpg\" alt=\"\" class=\"wp-image-1790\" title=\"\" srcset=\"https:\/\/aheadand.com\/wp-content\/uploads\/2024\/02\/document-management.jpg 1456w, https:\/\/aheadand.com\/wp-content\/uploads\/2024\/02\/document-management-300x168.jpg 300w, https:\/\/aheadand.com\/wp-content\/uploads\/2024\/02\/document-management-1024x574.jpg 1024w, https:\/\/aheadand.com\/wp-content\/uploads\/2024\/02\/document-management-768x430.jpg 768w\" sizes=\"auto, (max-width: 1456px) 100vw, 1456px\" \/><\/figure>Markt-Insights<h2 class=\"wp-block-heading\">Geo-Analytics<\/h2><p>Looking ahead with geo-AI &#8211; for advertising that resonates.<\/p>\n<p>Our geo-AI reveals market opportunities and customer-specific insights to strategically navigate your advertising and location choices.<\/p><figure class=\"wp-block-image size-full\"><img loading=\"lazy\" decoding=\"async\" width=\"1456\" height=\"816\" src=\"https:\/\/aheadand.com\/wp-content\/uploads\/2024\/02\/data-analysis.jpg\" alt=\"\" class=\"wp-image-1782\" title=\"\" srcset=\"https:\/\/aheadand.com\/wp-content\/uploads\/2024\/02\/data-analysis.jpg 1456w, https:\/\/aheadand.com\/wp-content\/uploads\/2024\/02\/data-analysis-300x168.jpg 300w, https:\/\/aheadand.com\/wp-content\/uploads\/2024\/02\/data-analysis-1024x574.jpg 1024w, https:\/\/aheadand.com\/wp-content\/uploads\/2024\/02\/data-analysis-768x430.jpg 768w\" sizes=\"auto, (max-width: 1456px) 100vw, 1456px\" \/><\/figure>AI als Wendepunkt<h2 class=\"wp-block-heading\">AI Championship:  <br\/>Turn on the turbo for your business<\/h2>In einer Welt, in der AI die Spielregeln neu schreibt, r\u00fcstet Ahead&#038; Ihr Unternehmen mit der Expertise und Technologie f\u00fcr eine f\u00fchrende Position im digitalen Morgen.<h3 class=\"wp-block-heading\">Tailored AI dynamics<\/h3><p>From emotionally intelligent chatbots to precise cloud analytics &#8211; discover AI solutions that not only fit, but drive your business.<\/p><h1 class=\"wp-block-heading\">From trendsetter to market leader: AI-Advisory Solutions<\/h1>Willkommen in der \u00c4ra der digitalen Meisterschaft. Ahead&amp; Advisory vereint die sch\u00e4rfsten AI-Technologien mit tiefgreifendem Branchenverstand, um Ihr Unternehmen sicher in eine vernetzte Zukunft zu f\u00fchren. <br\/><br\/>Entdecken Sie, wie unsere ma\u00dfgeschneiderten AI-L\u00f6sungen \u2013 von intelligenten Chatbots bis zur Datenanalyse in der Cloud \u2013 Ihre Vision in greifbare Realit\u00e4t umsetzen.<figure class=\"wp-block-image size-full\"><img loading=\"lazy\" decoding=\"async\" width=\"1456\" height=\"816\" src=\"https:\/\/aheadand.com\/wp-content\/uploads\/2024\/02\/video-avatar_3.jpg\" alt=\"\" class=\"wp-image-1787\" title=\"\" srcset=\"https:\/\/aheadand.com\/wp-content\/uploads\/2024\/02\/video-avatar_3.jpg 1456w, https:\/\/aheadand.com\/wp-content\/uploads\/2024\/02\/video-avatar_3-300x168.jpg 300w, https:\/\/aheadand.com\/wp-content\/uploads\/2024\/02\/video-avatar_3-1024x574.jpg 1024w, https:\/\/aheadand.com\/wp-content\/uploads\/2024\/02\/video-avatar_3-768x430.jpg 768w\" sizes=\"auto, (max-width: 1456px) 100vw, 1456px\" \/><\/figure><div class=\"wp-block-buttons is-layout-flex wp-block-buttons-is-layout-flex\"><div class=\"wp-block-button\"><a class=\"wp-block-button__link\">Discover the possibilities<\/a><\/div><\/div><figure class=\"wp-block-image size-full\"><img loading=\"lazy\" decoding=\"async\" width=\"896\" height=\"1344\" src=\"https:\/\/aheadand.com\/wp-content\/uploads\/2024\/02\/Imagine_a_sleek_modern_office_2.jpg\" alt=\"\" class=\"wp-image-1690\" title=\"\" srcset=\"https:\/\/aheadand.com\/wp-content\/uploads\/2024\/02\/Imagine_a_sleek_modern_office_2.jpg 896w, https:\/\/aheadand.com\/wp-content\/uploads\/2024\/02\/Imagine_a_sleek_modern_office_2-200x300.jpg 200w, https:\/\/aheadand.com\/wp-content\/uploads\/2024\/02\/Imagine_a_sleek_modern_office_2-683x1024.jpg 683w, https:\/\/aheadand.com\/wp-content\/uploads\/2024\/02\/Imagine_a_sleek_modern_office_2-768x1152.jpg 768w\" sizes=\"auto, (max-width: 896px) 100vw, 896px\" \/><\/figure><figure class=\"wp-block-image size-full\"><img loading=\"lazy\" decoding=\"async\" width=\"896\" height=\"1344\" src=\"https:\/\/aheadand.com\/wp-content\/uploads\/2024\/02\/Imagine_a_sleek_modern_office_3.jpg\" alt=\"\" class=\"wp-image-1689\" title=\"\" srcset=\"https:\/\/aheadand.com\/wp-content\/uploads\/2024\/02\/Imagine_a_sleek_modern_office_3.jpg 896w, https:\/\/aheadand.com\/wp-content\/uploads\/2024\/02\/Imagine_a_sleek_modern_office_3-200x300.jpg 200w, https:\/\/aheadand.com\/wp-content\/uploads\/2024\/02\/Imagine_a_sleek_modern_office_3-683x1024.jpg 683w, https:\/\/aheadand.com\/wp-content\/uploads\/2024\/02\/Imagine_a_sleek_modern_office_3-768x1152.jpg 768w\" sizes=\"auto, (max-width: 896px) 100vw, 896px\" \/><\/figure><h2 class=\"wp-block-heading\">Your business benefits with AI chatbots<\/h2>Vorteile auf einen Blick<p>Together we sharpen your digital profile: through strategic consulting, we transform your visions into pioneering digital services that attract attention.<\/p><h3 class=\"wp-block-heading\">Predictive AI strategies<\/h3><h2 class=\"wp-block-heading\">Your key to success in AI<\/h2>Entscheidende KompetenzErfahren Sie, warum Ahead&#038; Ihr bevorzugter Partner f\u00fcr fortschrittliche KI-Projekte ist \u2013 ma\u00dfgeschneiderte L\u00f6sungen, fundierte Expertise und eine engagierte Partnerschaft erwarten Sie.<h3 class=\"wp-block-heading\">Top expertise in the use of AI<\/h3>Unsere Experten bringen tiefe Einblicke in KI-Technologien, gepaart mit branchen\u00fcbergreifender Erfahrung.<h3 class=\"wp-block-heading\">Innovation leader<\/h3>Wir treiben Innovation voran, indem wir die neuesten KI-Forschungen in praktische L\u00f6sungen umsetzen.<h3 class=\"wp-block-heading\">Working in partnership<\/h3>Ihr Erfolg ist unser Ziel. Wir arbeiten eng mit Ihnen zusammen, um KI nahtlos in Ihr Gesch\u00e4ft zu integrieren.<figure class=\"wp-block-image size-full\"><img loading=\"lazy\" decoding=\"async\" width=\"1456\" height=\"816\" src=\"https:\/\/aheadand.com\/wp-content\/uploads\/2024\/02\/A_visual_representation_of_the_key_to_success_in_AI.jpg\" alt=\"\" class=\"wp-image-1697\" title=\"\" srcset=\"https:\/\/aheadand.com\/wp-content\/uploads\/2024\/02\/A_visual_representation_of_the_key_to_success_in_AI.jpg 1456w, https:\/\/aheadand.com\/wp-content\/uploads\/2024\/02\/A_visual_representation_of_the_key_to_success_in_AI-300x168.jpg 300w, https:\/\/aheadand.com\/wp-content\/uploads\/2024\/02\/A_visual_representation_of_the_key_to_success_in_AI-1024x574.jpg 1024w, https:\/\/aheadand.com\/wp-content\/uploads\/2024\/02\/A_visual_representation_of_the_key_to_success_in_AI-768x430.jpg 768w\" sizes=\"auto, (max-width: 1456px) 100vw, 1456px\" \/><\/figure>10Years of Experience10Years of Experience10Years of ExperiencePhase 1: Konzeptionierung<h3 class=\"wp-block-heading\">Needs analysis<\/h3>Wir beginnen mit einer detaillierten Analyse Ihrer spezifischen Anforderungen und Ziele, um einen ma\u00dfgeschneiderten Implementierungsplan zu erstellen.Implementierung Schritt f\u00fcr Schritt<h2 class=\"wp-block-heading\">Your path to AI integration<\/h2>Ihre Reise in die Welt der KI beginnt mit einem nahtlosen Implementierungsprozess, der individuell auf Ihr Unternehmen zugeschnitten ist.Optimieren Sie Ihre Gesch\u00e4ftsprozesse und Kundenerlebnisse mit KI-Chatbots, die nicht nur Kosten sparen und st\u00e4ndige Verf\u00fcgbarkeit bieten, sondern auch interaktive, personalisierte Kommunikation erm\u00f6glichen.<figure class=\"wp-block-image size-full\"><img loading=\"lazy\" decoding=\"async\" width=\"1456\" height=\"816\" src=\"https:\/\/aheadand.com\/wp-content\/uploads\/2024\/02\/Visualize_a_modern_digital_interface.jpg\" alt=\"\" class=\"wp-image-1667\" title=\"\" srcset=\"https:\/\/aheadand.com\/wp-content\/uploads\/2024\/02\/Visualize_a_modern_digital_interface.jpg 1456w, https:\/\/aheadand.com\/wp-content\/uploads\/2024\/02\/Visualize_a_modern_digital_interface-300x168.jpg 300w, https:\/\/aheadand.com\/wp-content\/uploads\/2024\/02\/Visualize_a_modern_digital_interface-1024x574.jpg 1024w, https:\/\/aheadand.com\/wp-content\/uploads\/2024\/02\/Visualize_a_modern_digital_interface-768x430.jpg 768w\" sizes=\"auto, (max-width: 1456px) 100vw, 1456px\" \/><\/figure><figure class=\"wp-block-image size-full\"><img loading=\"lazy\" decoding=\"async\" width=\"1456\" height=\"816\" src=\"https:\/\/aheadand.com\/wp-content\/uploads\/2024\/02\/Geo-KI_technology_in_action.jpg\" alt=\"\" class=\"wp-image-1664\" title=\"\" srcset=\"https:\/\/aheadand.com\/wp-content\/uploads\/2024\/02\/Geo-KI_technology_in_action.jpg 1456w, https:\/\/aheadand.com\/wp-content\/uploads\/2024\/02\/Geo-KI_technology_in_action-300x168.jpg 300w, https:\/\/aheadand.com\/wp-content\/uploads\/2024\/02\/Geo-KI_technology_in_action-1024x574.jpg 1024w, https:\/\/aheadand.com\/wp-content\/uploads\/2024\/02\/Geo-KI_technology_in_action-768x430.jpg 768w\" sizes=\"auto, (max-width: 1456px) 100vw, 1456px\" \/><\/figure><p>Our expertise ensures you an AI integration process that is as smooth as the technology itself &#8211; from conception to market launch.<\/p><figure class=\"wp-block-image size-full\"><img loading=\"lazy\" decoding=\"async\" width=\"1456\" height=\"816\" src=\"https:\/\/aheadand.com\/wp-content\/uploads\/2024\/02\/data-analysis.jpg\" alt=\"\" class=\"wp-image-1782\" title=\"\" srcset=\"https:\/\/aheadand.com\/wp-content\/uploads\/2024\/02\/data-analysis.jpg 1456w, https:\/\/aheadand.com\/wp-content\/uploads\/2024\/02\/data-analysis-300x168.jpg 300w, https:\/\/aheadand.com\/wp-content\/uploads\/2024\/02\/data-analysis-1024x574.jpg 1024w, https:\/\/aheadand.com\/wp-content\/uploads\/2024\/02\/data-analysis-768x430.jpg 768w\" sizes=\"auto, (max-width: 1456px) 100vw, 1456px\" \/><\/figure><h3 class=\"wp-block-heading\">Seamless AI fusion<\/h3><h3 class=\"wp-block-heading\">Discover the potential<\/h3>Lernen Sie mehr \u00fcber die vielf\u00e4ltigen Einsatzm\u00f6glichkeiten unserer KI-Chatbots und wie sie Ihre Kundeninteraktion transformieren k\u00f6nnen.<figure class=\"wp-block-image size-full\"><img loading=\"lazy\" decoding=\"async\" width=\"1920\" height=\"1440\" src=\"https:\/\/aheadand.com\/wp-content\/uploads\/2024\/01\/abstract-3.jpg\" alt=\"\" class=\"wp-image-684\" title=\"\" srcset=\"https:\/\/aheadand.com\/wp-content\/uploads\/2024\/01\/abstract-3.jpg 1920w, https:\/\/aheadand.com\/wp-content\/uploads\/2024\/01\/abstract-3-300x225.jpg 300w, https:\/\/aheadand.com\/wp-content\/uploads\/2024\/01\/abstract-3-1024x768.jpg 1024w, https:\/\/aheadand.com\/wp-content\/uploads\/2024\/01\/abstract-3-768x576.jpg 768w, https:\/\/aheadand.com\/wp-content\/uploads\/2024\/01\/abstract-3-1536x1152.jpg 1536w\" sizes=\"auto, (max-width: 1920px) 100vw, 1920px\" \/><\/figure><div class=\"wp-block-buttons is-layout-flex wp-block-buttons-is-layout-flex\"><div class=\"wp-block-button\"><a class=\"wp-block-button__link\">Learn more<\/a><\/div><\/div>Innovationsgeschwindigkeit<h2 class=\"wp-block-heading\">From the idea to the product<\/h2><p>We are your accelerator for digital products, from prototypes to market-ready MVPs.<\/p>\n<p>With our agile methodology and our expertise in the field of artificial intelligence, we accelerate the implementation of your visions into reality &#8211; efficiently, effectively and goal-oriented.<\/p><figure class=\"wp-block-image size-full\"><img loading=\"lazy\" decoding=\"async\" width=\"1456\" height=\"816\" src=\"https:\/\/aheadand.com\/wp-content\/uploads\/2024\/02\/prototyping.jpg\" alt=\"\" class=\"wp-image-1783\" title=\"\" srcset=\"https:\/\/aheadand.com\/wp-content\/uploads\/2024\/02\/prototyping.jpg 1456w, https:\/\/aheadand.com\/wp-content\/uploads\/2024\/02\/prototyping-300x168.jpg 300w, https:\/\/aheadand.com\/wp-content\/uploads\/2024\/02\/prototyping-1024x574.jpg 1024w, https:\/\/aheadand.com\/wp-content\/uploads\/2024\/02\/prototyping-768x430.jpg 768w\" sizes=\"auto, (max-width: 1456px) 100vw, 1456px\" \/><\/figure><h3 class=\"wp-block-heading\">Cost efficiency<\/h3>KI-Chatbots minimieren den Aufwand im Kundenservice durch Automation und reduzieren so Ihre Betriebskosten.<h3 class=\"wp-block-heading\">Increased availability<\/h3>Mit KI-Chatbots ist Ihr Service rund um die Uhr erreichbar, was die Kundenzufriedenheit und -bindung steig<h3 class=\"wp-block-heading\">Personalized customer experiences<\/h3>Individuelle Kundeninteraktionen werden durch lernf\u00e4hige KI-Chatbots auf ein neues Niveau gehoben.<h3 class=\"wp-block-heading\">Individual conception<\/h3>Phase 2: EntwicklungEntwicklung eines auf Ihre Kunden und Ihr Gesch\u00e4ft zugeschnittenen KI-Chatbots, der durch personalisierte Interaktionen und intelligente Automatisierung \u00fcberzeugt.<h3 class=\"wp-block-heading\">Seamless integration<\/h3>Phase 3: IntegrationWir integrieren den KI-Chatbot in Ihre bestehenden Systeme, mit Schwerpunkt auf Stabilit\u00e4t und Benutzerfreundlichkeit, um eine nahtlose User Experience zu gew\u00e4hrleisten.<h3 class=\"wp-block-heading\">Continuous improvement<\/h3>Phase 4: OptimierungNach der Implementierung setzen wir auf kontinuierliches Lernen und Anpassen, um die Leistung Ihres KI-Chatbots stets zu optimieren und die Interaktionen zu verfeinern.<p>Examine the subtle paths of the customer journey. Our AI solutions discover patterns and open up ways for you to strengthen customer loyalty. Our analytics track every digital footprint &#8211; understand your customers like never before and create communication that connects.<\/p><figure class=\"wp-block-image size-full\"><img loading=\"lazy\" decoding=\"async\" width=\"1456\" height=\"816\" src=\"https:\/\/aheadand.com\/wp-content\/uploads\/2024\/02\/data-analysis.jpg\" alt=\"\" class=\"wp-image-1782\" title=\"\" srcset=\"https:\/\/aheadand.com\/wp-content\/uploads\/2024\/02\/data-analysis.jpg 1456w, https:\/\/aheadand.com\/wp-content\/uploads\/2024\/02\/data-analysis-300x168.jpg 300w, https:\/\/aheadand.com\/wp-content\/uploads\/2024\/02\/data-analysis-1024x574.jpg 1024w, https:\/\/aheadand.com\/wp-content\/uploads\/2024\/02\/data-analysis-768x430.jpg 768w\" sizes=\"auto, (max-width: 1456px) 100vw, 1456px\" \/><\/figure>Daten<br\/>analyseEntscheidungen treffen auf Basis pr\u00e4ziser Daten.","protected":false},"excerpt":{"rendered":"<p>AI-Solutions: Navigieren Sie durch den Wandel AI innovations: From concept to market maturity Entdecken Sie unser Portfolio an AI-L\u00f6sungen, das von Micro Touchpoint Analysen \u00fcber ma\u00dfgeschneiderte Chatbot-Entwicklungen bis hin zu komplexen Datenanalysen reicht.Touchpoint IntelligenzErkennen Sie die Nuancen des Kundenengagements mit pr\u00e4zisen Micro Touchpoint Analysen.Prototypen Agilit\u00e4tBringen Sie Ihre Ideen mit unseren z\u00fcgigen Prototypen und MVPs schneller [&hellip;]<\/p>\n","protected":false},"author":1,"featured_media":0,"parent":0,"menu_order":0,"comment_status":"closed","ping_status":"closed","template":"","meta":{"footnotes":""},"class_list":["post-2849","page","type-page","status-publish","hentry"],"_links":{"self":[{"href":"https:\/\/aheadand.com\/en\/wp-json\/wp\/v2\/pages\/2849","targetHints":{"allow":["GET"]}}],"collection":[{"href":"https:\/\/aheadand.com\/en\/wp-json\/wp\/v2\/pages"}],"about":[{"href":"https:\/\/aheadand.com\/en\/wp-json\/wp\/v2\/types\/page"}],"author":[{"embeddable":true,"href":"https:\/\/aheadand.com\/en\/wp-json\/wp\/v2\/users\/1"}],"replies":[{"embeddable":true,"href":"https:\/\/aheadand.com\/en\/wp-json\/wp\/v2\/comments?post=2849"}],"version-history":[{"count":3,"href":"https:\/\/aheadand.com\/en\/wp-json\/wp\/v2\/pages\/2849\/revisions"}],"predecessor-version":[{"id":2866,"href":"https:\/\/aheadand.com\/en\/wp-json\/wp\/v2\/pages\/2849\/revisions\/2866"}],"wp:attachment":[{"href":"https:\/\/aheadand.com\/en\/wp-json\/wp\/v2\/media?parent=2849"}],"curies":[{"name":"wp","href":"https:\/\/api.w.org\/{rel}","templated":true}]}}