{"id":2830,"date":"2024-01-17T16:52:36","date_gmt":"2024-01-17T15:52:36","guid":{"rendered":"https:\/\/aheadand.com\/imprint\/"},"modified":"2024-07-04T21:35:29","modified_gmt":"2024-07-04T19:35:29","slug":"imprint","status":"publish","type":"page","link":"https:\/\/aheadand.com\/en\/imprint\/","title":{"rendered":"Imprint"},"content":{"rendered":"<figure class=\"wp-block-image size-full\"><img loading=\"lazy\" decoding=\"async\" width=\"2141\" height=\"1200\" src=\"https:\/\/aheadand.com\/wp-content\/uploads\/2023\/09\/ahead_background_image-scaled.jpeg\" alt=\"\" class=\"wp-image-20\" title=\"\" srcset=\"https:\/\/aheadand.com\/wp-content\/uploads\/2023\/09\/ahead_background_image-scaled.jpeg 2141w, https:\/\/aheadand.com\/wp-content\/uploads\/2023\/09\/ahead_background_image-300x168.jpeg 300w, https:\/\/aheadand.com\/wp-content\/uploads\/2023\/09\/ahead_background_image-1024x574.jpeg 1024w, https:\/\/aheadand.com\/wp-content\/uploads\/2023\/09\/ahead_background_image-768x430.jpeg 768w, https:\/\/aheadand.com\/wp-content\/uploads\/2023\/09\/ahead_background_image-1536x861.jpeg 1536w, https:\/\/aheadand.com\/wp-content\/uploads\/2023\/09\/ahead_background_image-2048x1148.jpeg 2048w\" sizes=\"auto, (max-width: 2141px) 100vw, 2141px\" \/><\/figure><h1 class=\"wp-block-heading\">Imprint<\/h1>Vertretungsberechtigt:<br\/> G\u00fcrkan \u00dcnl\u00fc\u00a0ahead&amp; GmbH<br\/>Vinckeweg 19<br\/>DE-47119 Duisburg<br\/>email: <a href=\"mailto:info@aheadand.com\">info@aheadand.com<\/a>Duisburg HRB36747<br\/>Steuer-Nr. 134\/5708\/0577<br\/>Ust.-Id.Nr.: DE361209392+49 203 8039 30 20","protected":false},"excerpt":{"rendered":"<p>Imprint Vertretungsberechtigt: G\u00fcrkan \u00dcnl\u00fc\u00a0ahead&amp; GmbHVinckeweg 19DE-47119 Duisburgemail: info@aheadand.comDuisburg HRB36747Steuer-Nr. 134\/5708\/0577Ust.-Id.Nr.: DE361209392+49 203 8039 30 20<\/p>\n","protected":false},"author":1,"featured_media":0,"parent":0,"menu_order":0,"comment_status":"closed","ping_status":"closed","template":"","meta":{"footnotes":""},"class_list":["post-2830","page","type-page","status-publish","hentry"],"_links":{"self":[{"href":"https:\/\/aheadand.com\/en\/wp-json\/wp\/v2\/pages\/2830","targetHints":{"allow":["GET"]}}],"collection":[{"href":"https:\/\/aheadand.com\/en\/wp-json\/wp\/v2\/pages"}],"about":[{"href":"https:\/\/aheadand.com\/en\/wp-json\/wp\/v2\/types\/page"}],"author":[{"embeddable":true,"href":"https:\/\/aheadand.com\/en\/wp-json\/wp\/v2\/users\/1"}],"replies":[{"embeddable":true,"href":"https:\/\/aheadand.com\/en\/wp-json\/wp\/v2\/comments?post=2830"}],"version-history":[{"count":4,"href":"https:\/\/aheadand.com\/en\/wp-json\/wp\/v2\/pages\/2830\/revisions"}],"predecessor-version":[{"id":3835,"href":"https:\/\/aheadand.com\/en\/wp-json\/wp\/v2\/pages\/2830\/revisions\/3835"}],"wp:attachment":[{"href":"https:\/\/aheadand.com\/en\/wp-json\/wp\/v2\/media?parent=2830"}],"curies":[{"name":"wp","href":"https:\/\/api.w.org\/{rel}","templated":true}]}}