{"id":2810,"date":"2024-01-30T14:56:04","date_gmt":"2024-01-30T13:56:04","guid":{"rendered":"https:\/\/aheadand.com\/solutions\/"},"modified":"2024-06-05T16:27:46","modified_gmt":"2024-06-05T14:27:46","slug":"solutions","status":"publish","type":"page","link":"https:\/\/aheadand.com\/en\/solutions\/","title":{"rendered":"solutions"},"content":{"rendered":"<h3 class=\"wp-block-heading\">Onboarding bot<\/h3>Interaktive Intelligenz<p>Joining a new company can be intimidating. With our onboarding bot, the organizational labyrinth becomes a guide that personally welcomes and accompanies every new employee and introduces them to the corporate culture &#8211; efficiently and warmly.<\/p>Strategische Weitsicht<h3 class=\"wp-block-heading\">City-Bot<\/h3><p>City dwellers stumble through bureaucratic labyrinths, searching for information and services. Frustration grows.  <\/p><p>The &#8220;City Bot&#8221; is the answer: a virtual city guide that is available around the clock to answer citizens&#8217; queries efficiently and improve the city experience.<\/p><figure class=\"wp-block-image size-full\"><img loading=\"lazy\" decoding=\"async\" width=\"671\" height=\"671\" src=\"https:\/\/aheadand.com\/wp-content\/uploads\/2024\/01\/ki-advisory.webp\" alt=\"\" class=\"wp-image-752\" title=\"\" srcset=\"https:\/\/aheadand.com\/wp-content\/uploads\/2024\/01\/ki-advisory.webp 671w, https:\/\/aheadand.com\/wp-content\/uploads\/2024\/01\/ki-advisory-300x300.webp 300w, https:\/\/aheadand.com\/wp-content\/uploads\/2024\/01\/ki-advisory-150x150.webp 150w\" sizes=\"auto, (max-width: 671px) 100vw, 671px\" \/><\/figure>Datenintelligenz<h3 class=\"wp-block-heading\">Lead Bot<\/h3><p>Online customers often search in vain for quick answers, which leads to lost leads.<\/p>\n<p>The &#8220;Lead Bot&#8221; provides a remedy, receives visitors, forwards them in a targeted manner and books appointments &#8211; an always available sales assistant.<\/p>\n<p>It provides support, increases conversion rates and improves the customer experience by processing requests in real time and bringing a personal touch to the digital world.<\/p><figure class=\"wp-block-image size-full\"><img loading=\"lazy\" decoding=\"async\" width=\"671\" height=\"671\" src=\"https:\/\/aheadand.com\/wp-content\/uploads\/2024\/01\/ki-data.webp\" alt=\"\" class=\"wp-image-751\" title=\"\" srcset=\"https:\/\/aheadand.com\/wp-content\/uploads\/2024\/01\/ki-data.webp 671w, https:\/\/aheadand.com\/wp-content\/uploads\/2024\/01\/ki-data-300x300.webp 300w, https:\/\/aheadand.com\/wp-content\/uploads\/2024\/01\/ki-data-150x150.webp 150w\" sizes=\"auto, (max-width: 671px) 100vw, 671px\" \/><\/figure>AI-Innovationen<h2 class=\"wp-block-heading\">Chatbot solutions<\/h2>Erweitern Sie Ihre Gesch\u00e4ftshorizonte mit unseren AI-L\u00f6sungen, die Innovation mit bew\u00e4hrter Strategie vereinen, um messbare Ergebnisse und nachhaltigen Erfolg zu sichern.AI-Innovationsf\u00fchrer<h2 class=\"wp-block-heading\">Customized AI solutions<\/h2>Erleben Sie die Effizienz und Zielgenauigkeit von Ahead&#038; mit unseren f\u00fchrenden AI-L\u00f6sungen: Enterprise Chatbots, Geo-KI-Daten und Frameworks f\u00fcr Micro Touchpoints. Ihr Wegweiser zur digitalen Transformation.<h3 class=\"wp-block-heading\">Enterprise chatbots and video avatars<\/h3>Effizienzsteigerung und innovative Kundenkommunikation<figure class=\"wp-block-image size-full\"><img loading=\"lazy\" decoding=\"async\" width=\"1024\" height=\"1024\" src=\"https:\/\/aheadand.com\/wp-content\/uploads\/2024\/02\/micro-touchpoint.jpg\" alt=\"\" class=\"wp-image-1858\" title=\"\" srcset=\"https:\/\/aheadand.com\/wp-content\/uploads\/2024\/02\/micro-touchpoint.jpg 1024w, https:\/\/aheadand.com\/wp-content\/uploads\/2024\/02\/micro-touchpoint-300x300.jpg 300w, https:\/\/aheadand.com\/wp-content\/uploads\/2024\/02\/micro-touchpoint-150x150.jpg 150w, https:\/\/aheadand.com\/wp-content\/uploads\/2024\/02\/micro-touchpoint-768x768.jpg 768w\" sizes=\"auto, (max-width: 1024px) 100vw, 1024px\" \/><\/figure><h3 class=\"wp-block-heading\">Frameworks for micro touchpoints<\/h3>Detailgenaue Kundeninteraktion und -analyse<figure class=\"wp-block-image size-full\"><img loading=\"lazy\" decoding=\"async\" width=\"1024\" height=\"1024\" src=\"https:\/\/aheadand.com\/wp-content\/uploads\/2024\/02\/geo-ai-data.jpg\" alt=\"\" class=\"wp-image-1855\" title=\"\" srcset=\"https:\/\/aheadand.com\/wp-content\/uploads\/2024\/02\/geo-ai-data.jpg 1024w, https:\/\/aheadand.com\/wp-content\/uploads\/2024\/02\/geo-ai-data-300x300.jpg 300w, https:\/\/aheadand.com\/wp-content\/uploads\/2024\/02\/geo-ai-data-150x150.jpg 150w, https:\/\/aheadand.com\/wp-content\/uploads\/2024\/02\/geo-ai-data-768x768.jpg 768w\" sizes=\"auto, (max-width: 1024px) 100vw, 1024px\" \/><\/figure><h3 class=\"wp-block-heading\">Geo AI data<\/h3>Pr\u00e4zise Einblicke und Entscheidungshilfen f\u00fcr gezielte Markterschlie\u00dfung<div class=\"wp-block-buttons is-layout-flex wp-block-buttons-is-layout-flex\"><div class=\"wp-block-button\"><a class=\"wp-block-button__link\">Learn more<\/a><\/div><\/div><h1 class=\"wp-block-heading\">Innovative AI solutions for future-oriented companies<\/h1>Videoavatare, Chatbots und Geo-KI f\u00fcr Retail-Analyse, Infrastrukturplanung sowie ma\u00dfgeschneiderte Frameworks zur detaillierten Micro Touchpoint Analyse &#8211; Ihr Wegweiser f\u00fcr digitale Exzellenz und zielgerichtete Kundeninteraktion in der modernen Gesch\u00e4ftswelt.<div class=\"wp-block-buttons is-layout-flex wp-block-buttons-is-layout-flex\"><div class=\"wp-block-button\"><a class=\"wp-block-button__link\">I am a button<\/a><\/div><\/div><div class=\"wp-block-buttons is-layout-flex wp-block-buttons-is-layout-flex\"><div class=\"wp-block-button\"><a class=\"wp-block-button__link\">I am a button<\/a><\/div><\/div><figure class=\"wp-block-image size-full\"><img loading=\"lazy\" decoding=\"async\" width=\"1456\" height=\"816\" src=\"https:\/\/aheadand.com\/wp-content\/uploads\/2024\/02\/customer_experience.jpg\" alt=\"\" class=\"wp-image-1843\" title=\"\" srcset=\"https:\/\/aheadand.com\/wp-content\/uploads\/2024\/02\/customer_experience.jpg 1456w, https:\/\/aheadand.com\/wp-content\/uploads\/2024\/02\/customer_experience-300x168.jpg 300w, https:\/\/aheadand.com\/wp-content\/uploads\/2024\/02\/customer_experience-1024x574.jpg 1024w, https:\/\/aheadand.com\/wp-content\/uploads\/2024\/02\/customer_experience-768x430.jpg 768w\" sizes=\"auto, (max-width: 1456px) 100vw, 1456px\" \/><\/figure><figure class=\"wp-block-image size-full\"><img loading=\"lazy\" decoding=\"async\" width=\"586\" height=\"586\" src=\"https:\/\/aheadand.com\/wp-content\/uploads\/2023\/12\/01-onboarding2.jpeg\" alt=\"\" class=\"wp-image-208\" title=\"\" srcset=\"https:\/\/aheadand.com\/wp-content\/uploads\/2023\/12\/01-onboarding2.jpeg 586w, https:\/\/aheadand.com\/wp-content\/uploads\/2023\/12\/01-onboarding2-300x300.jpeg 300w, https:\/\/aheadand.com\/wp-content\/uploads\/2023\/12\/01-onboarding2-150x150.jpeg 150w\" sizes=\"auto, (max-width: 586px) 100vw, 586px\" \/><\/figure>Erweitern Sie Ihre Gesch\u00e4ftshorizonte mit unseren AI-L\u00f6sungen, die Innovation mit bew\u00e4hrter Strategie vereinen, um messbare Ergebnisse und nachhaltigen Erfolg zu sichern.AI-Innovationen<h2 class=\"wp-block-heading\">Data solutions<\/h2><p>The Enterprise was on a routine mission to explore the Gamma Quadrant, when it encountered a strange anomaly that pulled them into a parallel universe. There, they met their evil counterparts, who were part of a ruthless Terran Empire.<\/p>\n<p>Captain Kirk and his crew had to find a way to escape and return to their own reality, before they were discovered and executed by the imperial forces.<\/p>\n<p>Meanwhile, on the planet Vulcan, Spock was undergoing the ritual of Kolinahr, the purging of all emotions. He was about to complete.<\/p><figure class=\"wp-block-image size-full\"><img decoding=\"async\" src=\"https:\/\/aheadand.com\/wp-content\/uploads\/2023\/08\/Horizontal-Big.svg\" alt=\"\" class=\"wp-image-16\" title=\"\"><\/figure><p>The Enterprise was on a routine mission to explore the Gamma Quadrant, when it encountered a strange anomaly that pulled them into a parallel universe. There, they met their evil counterparts, who were part of a ruthless Terran Empire.<\/p>\n<p>Captain Kirk and his crew had to find a way to escape and return to their own reality, before they were discovered and executed by the imperial forces.<\/p>\n<p>Meanwhile, on the planet Vulcan, Spock was undergoing the ritual of Kolinahr, the purging of all emotions. He was about to complete.<\/p><figure class=\"wp-block-image size-full\"><img decoding=\"async\" src=\"https:\/\/aheadand.com\/wp-content\/uploads\/2023\/08\/Horizontal-Big.svg\" alt=\"\" class=\"wp-image-16\" title=\"\"><\/figure><p>The Enterprise was on a routine mission to explore the Gamma Quadrant, when it encountered a strange anomaly that pulled them into a parallel universe. There, they met their evil counterparts, who were part of a ruthless Terran Empire.<\/p>\n<p>Captain Kirk and his crew had to find a way to escape and return to their own reality, before they were discovered and executed by the imperial forces.<\/p>\n<p>Meanwhile, on the planet Vulcan, Spock was undergoing the ritual of Kolinahr, the purging of all emotions. He was about to complete.<\/p><figure class=\"wp-block-image size-full\"><img loading=\"lazy\" decoding=\"async\" width=\"671\" height=\"671\" src=\"https:\/\/aheadand.com\/wp-content\/uploads\/2024\/01\/ki-data.webp\" alt=\"\" class=\"wp-image-751\" title=\"\" srcset=\"https:\/\/aheadand.com\/wp-content\/uploads\/2024\/01\/ki-data.webp 671w, https:\/\/aheadand.com\/wp-content\/uploads\/2024\/01\/ki-data-300x300.webp 300w, https:\/\/aheadand.com\/wp-content\/uploads\/2024\/01\/ki-data-150x150.webp 150w\" sizes=\"auto, (max-width: 671px) 100vw, 671px\" \/><\/figure><h3 class=\"wp-block-heading\">Data Solution One<\/h3>Interaktive IntelligenzStrategische Weitsicht<h3 class=\"wp-block-heading\">Data Solution 2<\/h3>Datenintelligenz<h3 class=\"wp-block-heading\">Data Solution 3<\/h3><figure class=\"wp-block-image size-full\"><img loading=\"lazy\" decoding=\"async\" width=\"1024\" height=\"1024\" src=\"https:\/\/aheadand.com\/wp-content\/uploads\/2024\/02\/chatbot-solutions.jpg\" alt=\"\" class=\"wp-image-1854\" title=\"\" srcset=\"https:\/\/aheadand.com\/wp-content\/uploads\/2024\/02\/chatbot-solutions.jpg 1024w, https:\/\/aheadand.com\/wp-content\/uploads\/2024\/02\/chatbot-solutions-300x300.jpg 300w, https:\/\/aheadand.com\/wp-content\/uploads\/2024\/02\/chatbot-solutions-150x150.jpg 150w, https:\/\/aheadand.com\/wp-content\/uploads\/2024\/02\/chatbot-solutions-768x768.jpg 768w\" sizes=\"auto, (max-width: 1024px) 100vw, 1024px\" \/><\/figure><div class=\"wp-block-buttons is-layout-flex wp-block-buttons-is-layout-flex\"><div class=\"wp-block-button\"><a class=\"wp-block-button__link\">Close<\/a><\/div><\/div><div class=\"wp-block-buttons is-layout-flex wp-block-buttons-is-layout-flex\"><div class=\"wp-block-button\"><a class=\"wp-block-button__link\">Close<\/a><\/div><\/div><div class=\"wp-block-buttons is-layout-flex wp-block-buttons-is-layout-flex\"><div class=\"wp-block-button\"><a class=\"wp-block-button__link\">Close<\/a><\/div><\/div>Erweitern Sie Ihre Gesch\u00e4ftshorizonte mit unseren AI-L\u00f6sungen, die Innovation mit bew\u00e4hrter Strategie vereinen, um messbare Ergebnisse und nachhaltigen Erfolg zu sichern.AI-Innovationen<h2 class=\"wp-block-heading\">Advisory solutions<\/h2><p>The Enterprise was on a routine mission to explore the Gamma Quadrant, when it encountered a strange anomaly that pulled them into a parallel universe. There, they met their evil counterparts, who were part of a ruthless Terran Empire.<\/p>\n<p>Captain Kirk and his crew had to find a way to escape and return to their own reality, before they were discovered and executed by the imperial forces.<\/p>\n<p>Meanwhile, on the planet Vulcan, Spock was undergoing the ritual of Kolinahr, the purging of all emotions. He was about to complete.<\/p><figure class=\"wp-block-image size-full\"><img decoding=\"async\" src=\"https:\/\/aheadand.com\/wp-content\/uploads\/2023\/08\/Horizontal-Big.svg\" alt=\"\" class=\"wp-image-16\" title=\"\"><\/figure><p>The Enterprise was on a routine mission to explore the Gamma Quadrant, when it encountered a strange anomaly that pulled them into a parallel universe. There, they met their evil counterparts, who were part of a ruthless Terran Empire.<\/p>\n<p>Captain Kirk and his crew had to find a way to escape and return to their own reality, before they were discovered and executed by the imperial forces.<\/p>\n<p>Meanwhile, on the planet Vulcan, Spock was undergoing the ritual of Kolinahr, the purging of all emotions. He was about to complete.<\/p><figure class=\"wp-block-image size-full\"><img decoding=\"async\" src=\"https:\/\/aheadand.com\/wp-content\/uploads\/2023\/08\/Horizontal-Big.svg\" alt=\"\" class=\"wp-image-16\" title=\"\"><\/figure><p>The Enterprise was on a routine mission to explore the Gamma Quadrant, when it encountered a strange anomaly that pulled them into a parallel universe. There, they met their evil counterparts, who were part of a ruthless Terran Empire.<\/p>\n<p>Captain Kirk and his crew had to find a way to escape and return to their own reality, before they were discovered and executed by the imperial forces.<\/p>\n<p>Meanwhile, on the planet Vulcan, Spock was undergoing the ritual of Kolinahr, the purging of all emotions. He was about to complete.<\/p><figure class=\"wp-block-image size-full\"><img decoding=\"async\" src=\"https:\/\/aheadand.com\/wp-content\/uploads\/2023\/08\/Horizontal-Big.svg\" alt=\"\" class=\"wp-image-16\" title=\"\"><\/figure><h3 class=\"wp-block-heading\">Advisory One<\/h3>Interaktive IntelligenzStrategische Weitsicht<h3 class=\"wp-block-heading\">Advisory 2<\/h3>Datenintelligenz<h3 class=\"wp-block-heading\">Advisory 3<\/h3>","protected":false},"excerpt":{"rendered":"<p>Onboarding bot Interaktive Intelligenz Joining a new company can be intimidating. With our onboarding bot, the organizational labyrinth becomes a guide that personally welcomes and accompanies every new employee and introduces them to the corporate culture &#8211; efficiently and warmly. Strategische Weitsicht City-Bot City dwellers stumble through bureaucratic labyrinths, searching for information and services. Frustration [&hellip;]<\/p>\n","protected":false},"author":1,"featured_media":0,"parent":0,"menu_order":0,"comment_status":"closed","ping_status":"closed","template":"","meta":{"footnotes":""},"class_list":["post-2810","page","type-page","status-publish","hentry"],"_links":{"self":[{"href":"https:\/\/aheadand.com\/en\/wp-json\/wp\/v2\/pages\/2810","targetHints":{"allow":["GET"]}}],"collection":[{"href":"https:\/\/aheadand.com\/en\/wp-json\/wp\/v2\/pages"}],"about":[{"href":"https:\/\/aheadand.com\/en\/wp-json\/wp\/v2\/types\/page"}],"author":[{"embeddable":true,"href":"https:\/\/aheadand.com\/en\/wp-json\/wp\/v2\/users\/1"}],"replies":[{"embeddable":true,"href":"https:\/\/aheadand.com\/en\/wp-json\/wp\/v2\/comments?post=2810"}],"version-history":[{"count":1,"href":"https:\/\/aheadand.com\/en\/wp-json\/wp\/v2\/pages\/2810\/revisions"}],"predecessor-version":[{"id":2819,"href":"https:\/\/aheadand.com\/en\/wp-json\/wp\/v2\/pages\/2810\/revisions\/2819"}],"wp:attachment":[{"href":"https:\/\/aheadand.com\/en\/wp-json\/wp\/v2\/media?parent=2810"}],"curies":[{"name":"wp","href":"https:\/\/api.w.org\/{rel}","templated":true}]}}