{"id":2804,"date":"2024-01-30T14:14:33","date_gmt":"2024-01-30T13:14:33","guid":{"rendered":"https:\/\/aheadand.com\/use-cases\/"},"modified":"2024-03-21T10:49:19","modified_gmt":"2024-03-21T09:49:19","slug":"use-cases","status":"publish","type":"page","link":"https:\/\/aheadand.com\/en\/use-cases\/","title":{"rendered":"use-cases"},"content":{"rendered":"<h1 class=\"wp-block-heading\">Unleash the potential of your organization with AI chatbots<\/h1>Steigern Sie mit Ahead&#038; und ma\u00dfgeschneiderten AI-Chatbots Ihre Effizienz und Mitarbeitererfahrung in Schl\u00fcsselbereichen.<div class=\"wp-block-buttons is-layout-flex wp-block-buttons-is-layout-flex\"><div class=\"wp-block-button\"><a class=\"wp-block-button__link\">Learn more<\/a><\/div><\/div><figure class=\"wp-block-image size-large\"><img loading=\"lazy\" decoding=\"async\" width=\"1024\" height=\"768\" src=\"https:\/\/aheadand.com\/wp-content\/uploads\/2024\/01\/abstract-3-1024x768.jpg\" alt=\"\" class=\"wp-image-684\" title=\"\" srcset=\"https:\/\/aheadand.com\/wp-content\/uploads\/2024\/01\/abstract-3-1024x768.jpg 1024w, https:\/\/aheadand.com\/wp-content\/uploads\/2024\/01\/abstract-3-300x225.jpg 300w, https:\/\/aheadand.com\/wp-content\/uploads\/2024\/01\/abstract-3-768x576.jpg 768w, https:\/\/aheadand.com\/wp-content\/uploads\/2024\/01\/abstract-3-1536x1152.jpg 1536w, https:\/\/aheadand.com\/wp-content\/uploads\/2024\/01\/abstract-3.jpg 1920w\" sizes=\"auto, (max-width: 1024px) 100vw, 1024px\" \/><\/figure>Inspirieren und Innovieren<h2 class=\"wp-block-heading\">Shaping the future with AI chatbots<\/h2>Entdecken Sie das Potenzial von AI-Chatbots als Inspirationsquelle f\u00fcr neue L\u00f6sungen in Ihrem Unternehmen. Ob f\u00fcr das Recruiting, die Kundenbetreuung oder die Weiterbildung \u2013 wir skizzieren vision\u00e4re Anwendungen, die zeigen, wie Technologie Arbeitsweisen transformieren kann.<h3 class=\"wp-block-heading\">{term_name}<\/h3><p>{term_description}<\/p><div class=\"wp-block-buttons is-layout-flex wp-block-buttons-is-layout-flex\"><div class=\"wp-block-button\"><a class=\"wp-block-button__link\">Learn more<\/a><\/div><\/div>","protected":false},"excerpt":{"rendered":"<p>Unleash the potential of your organization with AI chatbots Steigern Sie mit Ahead&#038; und ma\u00dfgeschneiderten AI-Chatbots Ihre Effizienz und Mitarbeitererfahrung in Schl\u00fcsselbereichen.Inspirieren und Innovieren Shaping the future with AI chatbots Entdecken Sie das Potenzial von AI-Chatbots als Inspirationsquelle f\u00fcr neue L\u00f6sungen in Ihrem Unternehmen. Ob f\u00fcr das Recruiting, die Kundenbetreuung oder die Weiterbildung \u2013 wir [&hellip;]<\/p>\n","protected":false},"author":1,"featured_media":0,"parent":0,"menu_order":0,"comment_status":"closed","ping_status":"closed","template":"","meta":{"footnotes":""},"class_list":["post-2804","page","type-page","status-publish","hentry"],"_links":{"self":[{"href":"https:\/\/aheadand.com\/en\/wp-json\/wp\/v2\/pages\/2804","targetHints":{"allow":["GET"]}}],"collection":[{"href":"https:\/\/aheadand.com\/en\/wp-json\/wp\/v2\/pages"}],"about":[{"href":"https:\/\/aheadand.com\/en\/wp-json\/wp\/v2\/types\/page"}],"author":[{"embeddable":true,"href":"https:\/\/aheadand.com\/en\/wp-json\/wp\/v2\/users\/1"}],"replies":[{"embeddable":true,"href":"https:\/\/aheadand.com\/en\/wp-json\/wp\/v2\/comments?post=2804"}],"version-history":[{"count":3,"href":"https:\/\/aheadand.com\/en\/wp-json\/wp\/v2\/pages\/2804\/revisions"}],"predecessor-version":[{"id":2813,"href":"https:\/\/aheadand.com\/en\/wp-json\/wp\/v2\/pages\/2804\/revisions\/2813"}],"wp:attachment":[{"href":"https:\/\/aheadand.com\/en\/wp-json\/wp\/v2\/media?parent=2804"}],"curies":[{"name":"wp","href":"https:\/\/api.w.org\/{rel}","templated":true}]}}