{"id":2797,"date":"2024-02-27T17:44:20","date_gmt":"2024-02-27T16:44:20","guid":{"rendered":"https:\/\/aheadand.com\/demo-videos\/"},"modified":"2024-03-22T22:11:06","modified_gmt":"2024-03-22T21:11:06","slug":"demo-videos","status":"publish","type":"page","link":"https:\/\/aheadand.com\/en\/demo-videos\/","title":{"rendered":"demo videos"},"content":{"rendered":"Branchen\u00fcbergreifende Innovationen<h2 class=\"wp-block-heading\">Chatbot solutions<\/h2>Von Kundenservice bis hin zu komplexen Beratungsaufgaben \u2013 unsere KI-Chatbots decken ein breites Spektrum ab. Jedes Video demonstriert die einzigartige Anpassungsf\u00e4higkeit und Intelligenz unserer Technologie, speziell zugeschnitten auf die Bed\u00fcrfnisse verschiedener Industrien. Entdecken Sie die vielseitigen Einsatzm\u00f6glichkeiten und lassen Sie sich von der Leistungsf\u00e4higkeit unserer Prototypen \u00fcberzeugen. Scrollen Sie weiter und erleben Sie KI in Aktion.<div class=\"wp-block-buttons is-layout-flex wp-block-buttons-is-layout-flex\"><div class=\"wp-block-button\"><a class=\"wp-block-button__link\">Learn more<\/a><\/div><\/div><h1 class=\"wp-block-heading\">Discover the future: our AI chatbots in action<\/h1>Tauchen Sie ein in die Welt der k\u00fcnstlichen Intelligenz mit unserer exklusiven Sammlung von Demo-Videos.Lassen Sie sich inspirieren, wie Technologie die Art und Weise, wie wir arbeiten, kommunizieren und interagieren, neu definiert.<div class=\"wp-block-buttons is-layout-flex wp-block-buttons-is-layout-flex\"><div class=\"wp-block-button\"><a class=\"wp-block-button__link\">I am a button<\/a><\/div><\/div><div class=\"wp-block-buttons is-layout-flex wp-block-buttons-is-layout-flex\"><div class=\"wp-block-button\"><a class=\"wp-block-button__link\">I am a button<\/a><\/div><\/div><figure class=\"wp-block-image size-full\"><img loading=\"lazy\" decoding=\"async\" width=\"460\" height=\"307\" src=\"https:\/\/aheadand.com\/wp-content\/uploads\/2024\/02\/image_07.png\" alt=\"\" class=\"wp-image-2111\" title=\"\" srcset=\"https:\/\/aheadand.com\/wp-content\/uploads\/2024\/02\/image_07.png 460w, https:\/\/aheadand.com\/wp-content\/uploads\/2024\/02\/image_07-300x200.png 300w\" sizes=\"auto, (max-width: 460px) 100vw, 460px\" \/><\/figure><p>{je_video-demos_video-description}<\/p><h3 class=\"wp-block-heading\">{je_video-demos_video-heading}<\/h3>{je_video-demos_video-accent-heading}","protected":false},"excerpt":{"rendered":"<p>Branchen\u00fcbergreifende Innovationen Chatbot solutions Von Kundenservice bis hin zu komplexen Beratungsaufgaben \u2013 unsere KI-Chatbots decken ein breites Spektrum ab. Jedes Video demonstriert die einzigartige Anpassungsf\u00e4higkeit und Intelligenz unserer Technologie, speziell zugeschnitten auf die Bed\u00fcrfnisse verschiedener Industrien. Entdecken Sie die vielseitigen Einsatzm\u00f6glichkeiten und lassen Sie sich von der Leistungsf\u00e4higkeit unserer Prototypen \u00fcberzeugen. Scrollen Sie weiter und [&hellip;]<\/p>\n","protected":false},"author":1,"featured_media":0,"parent":0,"menu_order":0,"comment_status":"closed","ping_status":"closed","template":"","meta":{"footnotes":""},"class_list":["post-2797","page","type-page","status-publish","hentry"],"_links":{"self":[{"href":"https:\/\/aheadand.com\/en\/wp-json\/wp\/v2\/pages\/2797","targetHints":{"allow":["GET"]}}],"collection":[{"href":"https:\/\/aheadand.com\/en\/wp-json\/wp\/v2\/pages"}],"about":[{"href":"https:\/\/aheadand.com\/en\/wp-json\/wp\/v2\/types\/page"}],"author":[{"embeddable":true,"href":"https:\/\/aheadand.com\/en\/wp-json\/wp\/v2\/users\/1"}],"replies":[{"embeddable":true,"href":"https:\/\/aheadand.com\/en\/wp-json\/wp\/v2\/comments?post=2797"}],"version-history":[{"count":3,"href":"https:\/\/aheadand.com\/en\/wp-json\/wp\/v2\/pages\/2797\/revisions"}],"predecessor-version":[{"id":3160,"href":"https:\/\/aheadand.com\/en\/wp-json\/wp\/v2\/pages\/2797\/revisions\/3160"}],"wp:attachment":[{"href":"https:\/\/aheadand.com\/en\/wp-json\/wp\/v2\/media?parent=2797"}],"curies":[{"name":"wp","href":"https:\/\/api.w.org\/{rel}","templated":true}]}}