{"id":2776,"date":"2024-01-30T12:18:14","date_gmt":"2024-01-30T11:18:14","guid":{"rendered":"https:\/\/aheadand.com\/about-us\/"},"modified":"2024-05-28T13:26:46","modified_gmt":"2024-05-28T11:26:46","slug":"about-us","status":"publish","type":"page","link":"https:\/\/aheadand.com\/en\/about-us\/","title":{"rendered":"about us"},"content":{"rendered":"<h1 class=\"wp-block-heading\">Predictive AI solutions for the digital future<\/h1>Entdecken Sie mit ahead&#038; die transformative Kraft ma\u00dfgeschneiderter KI, die Ihr Unternehmen neu definiert \u2013 sicher, effizient und zukunftsorientiert.<figure class=\"wp-block-image size-large\"><img loading=\"lazy\" decoding=\"async\" width=\"1024\" height=\"574\" src=\"https:\/\/aheadand.com\/wp-content\/uploads\/2024\/02\/video-avatar_3-1024x574.jpg\" alt=\"\" class=\"wp-image-1787\" title=\"\" srcset=\"https:\/\/aheadand.com\/wp-content\/uploads\/2024\/02\/video-avatar_3-1024x574.jpg 1024w, https:\/\/aheadand.com\/wp-content\/uploads\/2024\/02\/video-avatar_3-300x168.jpg 300w, https:\/\/aheadand.com\/wp-content\/uploads\/2024\/02\/video-avatar_3-768x430.jpg 768w, https:\/\/aheadand.com\/wp-content\/uploads\/2024\/02\/video-avatar_3.jpg 1456w\" sizes=\"auto, (max-width: 1024px) 100vw, 1024px\" \/><\/figure>Ma\u00dfgeschneiderte KI als Innovationsmotor<h2 class=\"wp-block-heading\">About ahead&amp;: The architect of your digital future<\/h2>ahead&#038; ist Ihr strategischer Partner, f\u00fcr innovative L\u00f6sungen in den Bereichen Customer Experience, K\u00fcnstliche Intelligenz, Web 3.0 und Infrastruktur-Digitalisierung.\u00a0<h3 class=\"wp-block-heading\">Timely market launch  <\/h3>Unsere digitalen Frameworks beschleunigen die Time-to-Market und bieten bew\u00e4hrte Blaupausen f\u00fcr die digitale Transformation. Wir erm\u00f6glichen eine effiziente Implementierung von Technologien wie AR, VR und Metaverse.<h3 class=\"wp-block-heading\">Reliable success in the digital world<\/h3>Mit unserer Erfolgsbilanz und messbaren Ergebnissen sind wir Ihr verl\u00e4sslicher Partner f\u00fcr die\u00a0effiziente Erreichung Ihrer\u00a0digitalen Ziele. Wir halten uns stets auf dem neuesten Stand, um Ihnen einen Wettbewerbsvorteil zu verschaffen und innovative L\u00f6sungen anzubieten, die Ihren Gesch\u00e4ftserfolg vorantreiben. entsprechen, um Ihre Daten und die Ihrer Kunden zu sch\u00fctzen.<figure class=\"wp-block-image size-full\"><img loading=\"lazy\" decoding=\"async\" width=\"896\" height=\"1344\" src=\"https:\/\/aheadand.com\/wp-content\/uploads\/2024\/02\/Imagine_a_sleek_modern_office_2.jpg\" alt=\"\" class=\"wp-image-1690\" title=\"\" srcset=\"https:\/\/aheadand.com\/wp-content\/uploads\/2024\/02\/Imagine_a_sleek_modern_office_2.jpg 896w, https:\/\/aheadand.com\/wp-content\/uploads\/2024\/02\/Imagine_a_sleek_modern_office_2-200x300.jpg 200w, https:\/\/aheadand.com\/wp-content\/uploads\/2024\/02\/Imagine_a_sleek_modern_office_2-683x1024.jpg 683w, https:\/\/aheadand.com\/wp-content\/uploads\/2024\/02\/Imagine_a_sleek_modern_office_2-768x1152.jpg 768w\" sizes=\"auto, (max-width: 896px) 100vw, 896px\" \/><\/figure><figure class=\"wp-block-image size-full\"><img loading=\"lazy\" decoding=\"async\" width=\"896\" height=\"1344\" src=\"https:\/\/aheadand.com\/wp-content\/uploads\/2024\/02\/Imagine_a_sleek_modern_office_3.jpg\" alt=\"\" class=\"wp-image-1689\" title=\"\" srcset=\"https:\/\/aheadand.com\/wp-content\/uploads\/2024\/02\/Imagine_a_sleek_modern_office_3.jpg 896w, https:\/\/aheadand.com\/wp-content\/uploads\/2024\/02\/Imagine_a_sleek_modern_office_3-200x300.jpg 200w, https:\/\/aheadand.com\/wp-content\/uploads\/2024\/02\/Imagine_a_sleek_modern_office_3-683x1024.jpg 683w, https:\/\/aheadand.com\/wp-content\/uploads\/2024\/02\/Imagine_a_sleek_modern_office_3-768x1152.jpg 768w\" sizes=\"auto, (max-width: 896px) 100vw, 896px\" \/><\/figure>Claudius GramseProduct &#038; Technology<figure class=\"wp-block-image size-full\"><img loading=\"lazy\" decoding=\"async\" width=\"300\" height=\"300\" src=\"https:\/\/aheadand.com\/wp-content\/uploads\/2024\/01\/IMG_8569-scaled-e1575026983784-300x300-1.jpg\" alt=\"\" class=\"wp-image-814\" title=\"\" srcset=\"https:\/\/aheadand.com\/wp-content\/uploads\/2024\/01\/IMG_8569-scaled-e1575026983784-300x300-1.jpg 300w, https:\/\/aheadand.com\/wp-content\/uploads\/2024\/01\/IMG_8569-scaled-e1575026983784-300x300-1-150x150.jpg 150w\" sizes=\"auto, (max-width: 300px) 100vw, 300px\" \/><\/figure>You next jobis just a click away<figure class=\"wp-block-image size-full\"><img loading=\"lazy\" decoding=\"async\" width=\"640\" height=\"640\" src=\"https:\/\/aheadand.com\/wp-content\/uploads\/2024\/01\/Placeholder-Man.jpeg\" alt=\"\" class=\"wp-image-686\" title=\"\" srcset=\"https:\/\/aheadand.com\/wp-content\/uploads\/2024\/01\/Placeholder-Man.jpeg 640w, https:\/\/aheadand.com\/wp-content\/uploads\/2024\/01\/Placeholder-Man-300x300.jpeg 300w, https:\/\/aheadand.com\/wp-content\/uploads\/2024\/01\/Placeholder-Man-150x150.jpeg 150w\" sizes=\"auto, (max-width: 640px) 100vw, 640px\" \/><\/figure>Eduard v KleefTechnology &#038; Data<figure class=\"wp-block-image size-full\"><img loading=\"lazy\" decoding=\"async\" width=\"1024\" height=\"1024\" src=\"https:\/\/aheadand.com\/wp-content\/uploads\/2024\/02\/eduard-h-van-kleef-Background-Removed.1024x1024.jpg\" alt=\"\" class=\"wp-image-2066\" title=\"\" srcset=\"https:\/\/aheadand.com\/wp-content\/uploads\/2024\/02\/eduard-h-van-kleef-Background-Removed.1024x1024.jpg 1024w, https:\/\/aheadand.com\/wp-content\/uploads\/2024\/02\/eduard-h-van-kleef-Background-Removed.1024x1024-300x300.jpg 300w, https:\/\/aheadand.com\/wp-content\/uploads\/2024\/02\/eduard-h-van-kleef-Background-Removed.1024x1024-150x150.jpg 150w, https:\/\/aheadand.com\/wp-content\/uploads\/2024\/02\/eduard-h-van-kleef-Background-Removed.1024x1024-768x768.jpg 768w\" sizes=\"auto, (max-width: 1024px) 100vw, 1024px\" \/><\/figure><h2 class=\"wp-block-heading\">Your architects for the digital future<\/h2>Innovationsf\u00fchrer im Herzen der KI-Revolution<p>G\u00fcrkan \u00dcnl\u00fc is the architect of digital excellence. Ahead&amp; gives companies easy access to artificial intelligence, even without internal AI experts. As a digital pioneer at porta and T\u00dcV Rheinland AG, he shaped the IT landscape and promoted growth with data analytics.  <\/p>\n<p>Claudius Gramse, a strategist of progress, is driving the AI avatar chatbot revolution at Ahead&amp;. His career is characterized by pioneering contributions in marketing automation and AI in various sectors.  <\/p>\n<p>Dr. Eduard H. van Kleef combines two decades of management experience with technical finesse. His expertise in AI projects and data analysis is a guarantee for entrepreneurial success in the age of digital transformation.  <\/p>\n<p><span data-ccp-props=\"{\"> <\/span><\/p>Ihre Vision, Unsere Mission<h2 class=\"wp-block-heading\">Start your innovation journey with us<\/h2>Bereit f\u00fcr den n\u00e4chsten Schritt in Innovation? Ihre Nachricht ist unser erster Schritt zur Realisierung Ihrer bahnbrechenden Ideen. Wir sind bereit, Ihre Vision Wirklichkeit werden zu lassen.<figure class=\"wp-block-image size-full\"><img loading=\"lazy\" decoding=\"async\" width=\"671\" height=\"671\" src=\"https:\/\/aheadand.com\/wp-content\/uploads\/2024\/01\/ki-data.webp\" alt=\"\" class=\"wp-image-751\" title=\"\" srcset=\"https:\/\/aheadand.com\/wp-content\/uploads\/2024\/01\/ki-data.webp 671w, https:\/\/aheadand.com\/wp-content\/uploads\/2024\/01\/ki-data-300x300.webp 300w, https:\/\/aheadand.com\/wp-content\/uploads\/2024\/01\/ki-data-150x150.webp 150w\" sizes=\"auto, (max-width: 671px) 100vw, 671px\" \/><\/figure><h3 class=\"wp-block-heading\">The evolution of the customer experience  <\/h3>Wir bieten innovative L\u00f6sungen zur Verbesserung der digitalen Pr\u00e4senz und des Kundenerlebnisses. Die Integration von AI-Technologien erm\u00f6glicht datengesteuerte Erkenntnisse und personalisierte Kundenerlebnisse.<h3 class=\"wp-block-heading\">Your ideas realized quickly and effectively<\/h3>Unsere Prototyping-Dienste unterst\u00fctzen die schnelle Implementierung von KI-L\u00f6sungen und das Testen von Ihren Ideen.G\u00fcrkan \u00dcnl\u00fcFounder<figure class=\"wp-block-image size-full\"><img loading=\"lazy\" decoding=\"async\" width=\"280\" height=\"280\" src=\"https:\/\/aheadand.com\/wp-content\/uploads\/2024\/02\/guerkan-uenlue-07ab33be.jpg\" alt=\"\" class=\"wp-image-2051\" title=\"\" srcset=\"https:\/\/aheadand.com\/wp-content\/uploads\/2024\/02\/guerkan-uenlue-07ab33be.jpg 280w, https:\/\/aheadand.com\/wp-content\/uploads\/2024\/02\/guerkan-uenlue-07ab33be-150x150.jpg 150w\" sizes=\"auto, (max-width: 280px) 100vw, 280px\" \/><\/figure>","protected":false},"excerpt":{"rendered":"<p>Predictive AI solutions for the digital future Entdecken Sie mit ahead&#038; die transformative Kraft ma\u00dfgeschneiderter KI, die Ihr Unternehmen neu definiert \u2013 sicher, effizient und zukunftsorientiert.Ma\u00dfgeschneiderte KI als Innovationsmotor About ahead&amp;: The architect of your digital future ahead&#038; ist Ihr strategischer Partner, f\u00fcr innovative L\u00f6sungen in den Bereichen Customer Experience, K\u00fcnstliche Intelligenz, Web 3.0 und [&hellip;]<\/p>\n","protected":false},"author":1,"featured_media":0,"parent":0,"menu_order":0,"comment_status":"closed","ping_status":"closed","template":"","meta":{"footnotes":""},"class_list":["post-2776","page","type-page","status-publish","hentry"],"_links":{"self":[{"href":"https:\/\/aheadand.com\/en\/wp-json\/wp\/v2\/pages\/2776","targetHints":{"allow":["GET"]}}],"collection":[{"href":"https:\/\/aheadand.com\/en\/wp-json\/wp\/v2\/pages"}],"about":[{"href":"https:\/\/aheadand.com\/en\/wp-json\/wp\/v2\/types\/page"}],"author":[{"embeddable":true,"href":"https:\/\/aheadand.com\/en\/wp-json\/wp\/v2\/users\/1"}],"replies":[{"embeddable":true,"href":"https:\/\/aheadand.com\/en\/wp-json\/wp\/v2\/comments?post=2776"}],"version-history":[{"count":4,"href":"https:\/\/aheadand.com\/en\/wp-json\/wp\/v2\/pages\/2776\/revisions"}],"predecessor-version":[{"id":3225,"href":"https:\/\/aheadand.com\/en\/wp-json\/wp\/v2\/pages\/2776\/revisions\/3225"}],"wp:attachment":[{"href":"https:\/\/aheadand.com\/en\/wp-json\/wp\/v2\/media?parent=2776"}],"curies":[{"name":"wp","href":"https:\/\/api.w.org\/{rel}","templated":true}]}}