{"id":2770,"date":"2024-02-09T10:01:37","date_gmt":"2024-02-09T09:01:37","guid":{"rendered":"https:\/\/aheadand.com\/hr-whitepaper\/"},"modified":"2024-07-04T13:52:44","modified_gmt":"2024-07-04T11:52:44","slug":"hr-whitepaper","status":"publish","type":"page","link":"https:\/\/aheadand.com\/en\/hr-whitepaper\/","title":{"rendered":"HR Whitepaper"},"content":{"rendered":"<h1 class=\"wp-block-heading\">The future of HR: overcoming challenges with AI<\/h1>Sind Sie mit dem Problem des Talentmangels konfrontiert? Haben Sie Probleme, Ihre Mitarbeiter langfristig zu binden?<figure class=\"wp-block-image size-full\"><a><img loading=\"lazy\" decoding=\"async\" width=\"881\" height=\"1248\" src=\"https:\/\/aheadand.com\/wp-content\/uploads\/2024\/02\/Screenshot-2024-02-09-at-10.50.06.png\" alt=\"AI in the SME sector\" class=\"wp-image-1935\" title=\"\" srcset=\"https:\/\/aheadand.com\/wp-content\/uploads\/2024\/02\/Screenshot-2024-02-09-at-10.50.06.png 881w, https:\/\/aheadand.com\/wp-content\/uploads\/2024\/02\/Screenshot-2024-02-09-at-10.50.06-212x300.png 212w, https:\/\/aheadand.com\/wp-content\/uploads\/2024\/02\/Screenshot-2024-02-09-at-10.50.06-723x1024.png 723w, https:\/\/aheadand.com\/wp-content\/uploads\/2024\/02\/Screenshot-2024-02-09-at-10.50.06-768x1088.png 768w\" sizes=\"auto, (max-width: 881px) 100vw, 881px\" \/><\/a><\/figure><div class=\"wp-block-buttons is-layout-flex wp-block-buttons-is-layout-flex\"><div class=\"wp-block-button\"><a class=\"wp-block-button__link\">Download Whitepaper<\/a><\/div><\/div>Erfahren Sie, wie Sie Ihre Effizienz maximieren und eine vision\u00e4re Personalstrategie entwickeln k\u00f6nnen.In unserem exklusiven Whitepaper stellen wir bahnbrechende KI-L\u00f6sungen f\u00fcr diese und weitere Herausforderungen vor.<h3 class=\"wp-block-heading\">Download whitepaper!<\/h3><figure class=\"wp-block-video\"><video height=\"586\" style=\"aspect-ratio: 586 \/ 586;\" width=\"586\" preload=\"auto\" src=\"https:\/\/aheadand.com\/wp-content\/uploads\/2024\/01\/matilda_whitepaper.mp4\" playsinline=\"\"><\/video><\/figure><h3 class=\"wp-block-heading\">Your guide to AI in HR<\/h3><h3 class=\"wp-block-heading\">Overcome HR challenges with AI<\/h3>In einer Welt, die sich st\u00e4ndig wandelt, stehen HR-Abteilungen vor beispiellosen Herausforderungen. Von der Rekrutierung \u00fcber das Onboarding bis hin zur Mitarbeiterbindung \u2013 unser Whitepaper zeigt, wie KI-basierte L\u00f6sungen nicht nur Probleme l\u00f6sen, sondern auch nachhaltige Transformationen im Personalwesen erm\u00f6glichen.Entdecken Sie praxisnahe Anwendungsf\u00e4lle und Strategien, die zu messbaren Verbesserungen f\u00fchren: h\u00f6here Effizienz, bessere Mitarbeitererfahrung und ein zukunftsf\u00e4higes Arbeitsumfeld.<figure class=\"wp-block-image size-full\"><img decoding=\"async\" src=\"https:\/\/aheadand.com\/wp-content\/uploads\/2024\/01\/banner_KPMG-1.svg\" alt=\"\" class=\"wp-image-395\" title=\"\"><\/figure><figure class=\"wp-block-image size-full\"><img decoding=\"async\" src=\"https:\/\/aheadand.com\/wp-content\/uploads\/2024\/01\/banner_EdekaBank-1.svg\" alt=\"\" class=\"wp-image-396\" title=\"\"><\/figure><figure class=\"wp-block-image size-full\"><img decoding=\"async\" src=\"https:\/\/aheadand.com\/wp-content\/uploads\/2024\/01\/banner_Ian_Macleod-1.svg\" alt=\"\" class=\"wp-image-394\" title=\"\"><\/figure><h3 class=\"wp-block-heading\">Together we set standards<\/h3>Vorreiter ihrer Branche haben uns ihr Vertrauen geschenkt.Unsere KI-Initiativen reduzieren Risiken und nutzen die neueste generative KI, um die Unternehmensleistung und -abl\u00e4ufe zu verbessern.\u00a0<figure class=\"wp-block-image size-medium\"><img loading=\"lazy\" decoding=\"async\" width=\"226\" height=\"300\" src=\"https:\/\/aheadand.com\/wp-content\/uploads\/2024\/01\/cmgramse_Smiling_and_happy_edf44eb8-f429-4979-993e-6338e4074d34-1-226x300.jpeg\" alt=\"\" class=\"wp-image-427\" title=\"\" srcset=\"https:\/\/aheadand.com\/wp-content\/uploads\/2024\/01\/cmgramse_Smiling_and_happy_edf44eb8-f429-4979-993e-6338e4074d34-1-226x300.jpeg 226w, https:\/\/aheadand.com\/wp-content\/uploads\/2024\/01\/cmgramse_Smiling_and_happy_edf44eb8-f429-4979-993e-6338e4074d34-1.jpeg 559w\" sizes=\"auto, (max-width: 226px) 100vw, 226px\" \/><\/figure><figure class=\"wp-block-image size-medium\"><img loading=\"lazy\" decoding=\"async\" width=\"226\" height=\"300\" src=\"https:\/\/aheadand.com\/wp-content\/uploads\/2024\/01\/cmgramse_Description_A_portrait_of_a_sympathetic_h1699900308511-226x300.jpeg\" alt=\"\" class=\"wp-image-426\" title=\"\" srcset=\"https:\/\/aheadand.com\/wp-content\/uploads\/2024\/01\/cmgramse_Description_A_portrait_of_a_sympathetic_h1699900308511-226x300.jpeg 226w, https:\/\/aheadand.com\/wp-content\/uploads\/2024\/01\/cmgramse_Description_A_portrait_of_a_sympathetic_h1699900308511-771x1024.jpeg 771w, https:\/\/aheadand.com\/wp-content\/uploads\/2024\/01\/cmgramse_Description_A_portrait_of_a_sympathetic_h1699900308511-768x1020.jpeg 768w, https:\/\/aheadand.com\/wp-content\/uploads\/2024\/01\/cmgramse_Description_A_portrait_of_a_sympathetic_h1699900308511-1157x1536.jpeg 1157w, https:\/\/aheadand.com\/wp-content\/uploads\/2024\/01\/cmgramse_Description_A_portrait_of_a_sympathetic_h1699900308511.jpeg 1200w\" sizes=\"auto, (max-width: 226px) 100vw, 226px\" \/><\/figure><h3 class=\"wp-block-heading\">Anticipatory action with artificial intelligence &#8211; ahead&amp;<\/h3>Voraussicht f\u00fchrt zum Erfolg in einer schnelllebigen Technologiewelt. ahead&#038; wei\u00df, dass KI mehr als nur ein Trend ist &#8211; sie ist essenziell f\u00fcr nachhaltiges Wachstum und Wettbewerbsvorteile, insbesondere f\u00fcr den deutschen Mittelstand.<h2 class=\"wp-block-heading\">Use ahead&amp; for your digital transformation<\/h2>Bereiten Sie Ihr Unternehmen auf die Zukunft vor und treten Sie mit ahead&#038; in die digitale Revolution ein. Wir kombinieren Innovation, Sicherheit und strategische Weitsicht, um Ihre Ziele zu erreichen.<div class=\"wp-block-buttons is-layout-flex wp-block-buttons-is-layout-flex\"><div class=\"wp-block-button\"><a class=\"wp-block-button__link\">Book an appointment<\/a><\/div><\/div>Unser engagiertes Team bei ahead&#038; bringt jahrelange Erfahrung mit \u2013 sowohl aus der Industrie, einschlie\u00dflich Vorstandspositionen in Handelskonzernen und Beratungsunternehmen, als auch aus der technologischen Innovationsschmiede.Wir beraten und entwickeln Anwendungen, die den Bed\u00fcrfnissen Ihres Unternehmens entsprechen, mit personalisierten, GDPR-konformen KI-L\u00f6sungen und einer gro\u00dfen Auswahl an LLM-Modellen, wie ChatGPT.Entdecken Sie mit ahead&#038; das volle Potenzial von KI, um Ihr Gesch\u00e4ftsmodell voranzutreiben, das Kundenerlebnis zu optimieren und die Betriebskosten zu senken. Unsere ma\u00dfgeschneiderten KI-L\u00f6sungen sind sicher, GDPR-konform und schnell und liefern Proof of Concepts in vier Wochen zu festgelegten Kosten.ahead&#038; verbessert die Datenanalyse und Entscheidungsfindung durch Chatbot-Integrationen und technologische Einbettungen. Unsere Strategie wird st\u00e4ndig angepasst, um den ROI zu maximieren. Wir helfen Ihnen, die digitale Transformation voranzutreiben und bieten einzigartige L\u00f6sungen f\u00fcr Ihre Unternehmensgr\u00f6\u00dfe und Branche.\n<div class=\"wpcf7 no-js\" id=\"wpcf7-f2803-o1\" lang=\"en-US\" dir=\"ltr\" data-wpcf7-id=\"2803\">\n<div class=\"screen-reader-response\"><p role=\"status\" aria-live=\"polite\" aria-atomic=\"true\"><\/p> <ul><\/ul><\/div>\n<form action=\"\/en\/wp-json\/wp\/v2\/pages\/2770#wpcf7-f2803-o1\" method=\"post\" class=\"wpcf7-form init whitepaper-form wpcf7-acceptance-as-validation\" id=\"whitepaper-form\" aria-label=\"Contact form\" novalidate=\"novalidate\" data-status=\"init\">\n<fieldset class=\"hidden-fields-container\"><input type=\"hidden\" name=\"_wpcf7\" value=\"2803\" \/><input type=\"hidden\" name=\"_wpcf7_version\" value=\"6.1.5\" \/><input type=\"hidden\" name=\"_wpcf7_locale\" value=\"en_US\" \/><input type=\"hidden\" name=\"_wpcf7_unit_tag\" value=\"wpcf7-f2803-o1\" \/><input type=\"hidden\" name=\"_wpcf7_container_post\" value=\"0\" \/><input type=\"hidden\" name=\"_wpcf7_posted_data_hash\" value=\"\" \/>\n<\/fieldset>\n<p><span class=\"wpcf7-form-control-wrap\" data-name=\"vorname\"><input size=\"40\" maxlength=\"400\" class=\"wpcf7-form-control wpcf7-text wpcf7-validates-as-required\" aria-required=\"true\" aria-invalid=\"false\" placeholder=\"First name\" value=\"\" type=\"text\" name=\"vorname\" \/><\/span><br \/>\n<span class=\"wpcf7-form-control-wrap\" data-name=\"nachname\"><input size=\"40\" maxlength=\"400\" class=\"wpcf7-form-control wpcf7-text wpcf7-validates-as-required\" aria-required=\"true\" aria-invalid=\"false\" placeholder=\"Last name\" value=\"\" type=\"text\" name=\"nachname\" \/><\/span><br \/>\n<span class=\"wpcf7-form-control-wrap\" data-name=\"unternehmen\"><input size=\"40\" maxlength=\"400\" class=\"wpcf7-form-control wpcf7-text\" aria-invalid=\"false\" placeholder=\"The company\" value=\"\" type=\"text\" name=\"unternehmen\" \/><\/span><br \/>\n<span class=\"wpcf7-form-control-wrap\" data-name=\"email\"><input size=\"40\" maxlength=\"400\" class=\"wpcf7-form-control wpcf7-email wpcf7-validates-as-required wpcf7-text wpcf7-validates-as-email\" aria-required=\"true\" aria-invalid=\"false\" placeholder=\"eMail\" value=\"\" type=\"email\" name=\"email\" \/><\/span>\n<\/p>\n<p><span class=\"wpcf7-form-control-wrap\" data-name=\"datenschutz\"><span class=\"wpcf7-form-control wpcf7-acceptance\"><span class=\"wpcf7-list-item\"><label><input type=\"checkbox\" name=\"datenschutz\" value=\"1\" class=\"form-checkbox\" aria-invalid=\"false\" \/><span class=\"wpcf7-list-item-label\">Your privacy is important to us. Ahead& will use your details to contact you regarding relevant content, products and services. You can unsubscribe from any communication from Ahead& at any time.<\/span><\/label><\/span><\/span><\/span>\n<\/p>\n<p><span class=\"wpcf7-form-control-wrap\" data-name=\"einwilligung\"><span class=\"wpcf7-form-control wpcf7-acceptance\"><span class=\"wpcf7-list-item\"><label><input type=\"checkbox\" name=\"einwilligung\" value=\"1\" class=\"form-checkbox\" aria-invalid=\"false\" \/><span class=\"wpcf7-list-item-label\">With your consent, we use your data for personalized marketing offers and information. Withdrawal is possible at any time: Contact us or use the unsubscribe link in our messages.<\/span><\/label><\/span><\/span><\/span>\n<\/p>\n<p><input class=\"wpcf7-form-control wpcf7-submit has-spinner btn-action ah-form-button\" type=\"submit\" value=\"Jetzt Herunterladen\" \/>\n<\/p><div class=\"wpcf7-response-output\" aria-hidden=\"true\"><\/div>\n<\/form>\n<\/div>\n\n","protected":false},"excerpt":{"rendered":"<p>The future of HR: overcoming challenges with AI Sind Sie mit dem Problem des Talentmangels konfrontiert? Haben Sie Probleme, Ihre Mitarbeiter langfristig zu binden?Erfahren Sie, wie Sie Ihre Effizienz maximieren und eine vision\u00e4re Personalstrategie entwickeln k\u00f6nnen.In unserem exklusiven Whitepaper stellen wir bahnbrechende KI-L\u00f6sungen f\u00fcr diese und weitere Herausforderungen vor. Download whitepaper! Your guide to AI [&hellip;]<\/p>\n","protected":false},"author":1,"featured_media":0,"parent":0,"menu_order":0,"comment_status":"closed","ping_status":"closed","template":"","meta":{"footnotes":""},"class_list":["post-2770","page","type-page","status-publish","hentry"],"_links":{"self":[{"href":"https:\/\/aheadand.com\/en\/wp-json\/wp\/v2\/pages\/2770","targetHints":{"allow":["GET"]}}],"collection":[{"href":"https:\/\/aheadand.com\/en\/wp-json\/wp\/v2\/pages"}],"about":[{"href":"https:\/\/aheadand.com\/en\/wp-json\/wp\/v2\/types\/page"}],"author":[{"embeddable":true,"href":"https:\/\/aheadand.com\/en\/wp-json\/wp\/v2\/users\/1"}],"replies":[{"embeddable":true,"href":"https:\/\/aheadand.com\/en\/wp-json\/wp\/v2\/comments?post=2770"}],"version-history":[{"count":3,"href":"https:\/\/aheadand.com\/en\/wp-json\/wp\/v2\/pages\/2770\/revisions"}],"predecessor-version":[{"id":2845,"href":"https:\/\/aheadand.com\/en\/wp-json\/wp\/v2\/pages\/2770\/revisions\/2845"}],"wp:attachment":[{"href":"https:\/\/aheadand.com\/en\/wp-json\/wp\/v2\/media?parent=2770"}],"curies":[{"name":"wp","href":"https:\/\/api.w.org\/{rel}","templated":true}]}}