{"id":2739,"date":"2023-08-30T20:20:33","date_gmt":"2023-08-30T18:20:33","guid":{"rendered":"https:\/\/aheadand.com\/coming-soon\/"},"modified":"2024-03-21T10:48:57","modified_gmt":"2024-03-21T09:48:57","slug":"coming-soon","status":"publish","type":"page","link":"https:\/\/aheadand.com\/en\/coming-soon\/","title":{"rendered":"coming soon"},"content":{"rendered":"<h1 class=\"wp-block-heading\">Be part  <br\/>of something exciting<\/h1><figure class=\"wp-block-image size-full\"><img loading=\"lazy\" decoding=\"async\" width=\"2141\" height=\"1200\" src=\"https:\/\/aheadand.com\/wp-content\/uploads\/2023\/09\/ahead_background_image-scaled.jpeg\" alt=\"\" class=\"wp-image-20\" title=\"\" srcset=\"https:\/\/aheadand.com\/wp-content\/uploads\/2023\/09\/ahead_background_image-scaled.jpeg 2141w, https:\/\/aheadand.com\/wp-content\/uploads\/2023\/09\/ahead_background_image-300x168.jpeg 300w, https:\/\/aheadand.com\/wp-content\/uploads\/2023\/09\/ahead_background_image-1024x574.jpeg 1024w, https:\/\/aheadand.com\/wp-content\/uploads\/2023\/09\/ahead_background_image-768x430.jpeg 768w, https:\/\/aheadand.com\/wp-content\/uploads\/2023\/09\/ahead_background_image-1536x861.jpeg 1536w, https:\/\/aheadand.com\/wp-content\/uploads\/2023\/09\/ahead_background_image-2048x1148.jpeg 2048w\" sizes=\"auto, (max-width: 2141px) 100vw, 2141px\" \/><\/figure>\u00a0Stay curious and don&#8217;t miss the opportunity to be part of this exciting moment! \u00a0Leave your email address to be the first to know all the details.Impressum<p class=\"wpcf7-contact-form-not-found\"><strong>Error:<\/strong> Contact form not found.<\/p>\nVertretungsberechtigt:G\u00fcrkan \u00dcnl\u00fc<br\/><br\/>ahead&amp; GmbH<br\/>Vinckeweg 19<br\/>DE-47119 Duisburg<br\/>Amtsgericht Duisburg HRB36747<br\/>Steuer-Nr. 134\/5708\/0577<br\/>Ust-ID DE361209392<br\/>","protected":false},"excerpt":{"rendered":"<p>Be part of something exciting \u00a0Stay curious and don&#8217;t miss the opportunity to be part of this exciting moment! \u00a0Leave your email address to be the first to know all the details.ImpressumVertretungsberechtigt:G\u00fcrkan \u00dcnl\u00fc ahead&amp; GmbHVinckeweg 19DE-47119 DuisburgAmtsgericht Duisburg HRB36747Steuer-Nr. 134\/5708\/0577Ust-ID DE361209392<\/p>\n","protected":false},"author":1,"featured_media":0,"parent":0,"menu_order":0,"comment_status":"closed","ping_status":"closed","template":"","meta":{"footnotes":""},"class_list":["post-2739","page","type-page","status-publish","hentry"],"_links":{"self":[{"href":"https:\/\/aheadand.com\/en\/wp-json\/wp\/v2\/pages\/2739","targetHints":{"allow":["GET"]}}],"collection":[{"href":"https:\/\/aheadand.com\/en\/wp-json\/wp\/v2\/pages"}],"about":[{"href":"https:\/\/aheadand.com\/en\/wp-json\/wp\/v2\/types\/page"}],"author":[{"embeddable":true,"href":"https:\/\/aheadand.com\/en\/wp-json\/wp\/v2\/users\/1"}],"replies":[{"embeddable":true,"href":"https:\/\/aheadand.com\/en\/wp-json\/wp\/v2\/comments?post=2739"}],"version-history":[{"count":3,"href":"https:\/\/aheadand.com\/en\/wp-json\/wp\/v2\/pages\/2739\/revisions"}],"predecessor-version":[{"id":2757,"href":"https:\/\/aheadand.com\/en\/wp-json\/wp\/v2\/pages\/2739\/revisions\/2757"}],"wp:attachment":[{"href":"https:\/\/aheadand.com\/en\/wp-json\/wp\/v2\/media?parent=2739"}],"curies":[{"name":"wp","href":"https:\/\/api.w.org\/{rel}","templated":true}]}}